{"id":15764,"date":"2023-09-22T15:12:56","date_gmt":"2023-09-22T13:12:56","guid":{"rendered":"https:\/\/www.blackbirdee.fr\/prod\/DEPANNEINFORMATIQUE\/?page_id=15764"},"modified":"2023-11-14T19:51:49","modified_gmt":"2023-11-14T18:51:49","slug":"pc-sur-mesure","status":"publish","type":"page","link":"https:\/\/www.blackbirdee.fr\/prod\/DEPANNEINFORMATIQUE\/pc-sur-mesure\/","title":{"rendered":"Cr\u00e9ateur de PC sur-mesure"},"content":{"rendered":"<div class=\"wpb-content-wrapper\"><p>[vc_row heading_color=\u00a0\u00bblight\u00a0\u00bb bg_type=\u00a0\u00bbimage\u00a0\u00bb bg_image=\u00a0\u00bb18&Prime; padding_top_multiplier=\u00a0\u00bb2x\u00a0\u00bb padding_bottom_multiplier=\u00a0\u00bb6x\u00a0\u00bb equal_column_height=\u00a0\u00bbmiddle-content\u00a0\u00bb mobile_equal_column_height=\u00a0\u00bbfalse\u00a0\u00bb separator_bottom=\u00a0\u00bbcurve-left-separator\u00a0\u00bb separator_bottom_size=\u00a0\u00bb120px\u00a0\u00bb font_color=\u00a0\u00bb#ffffff\u00a0\u00bb][vc_column width=\u00a0\u00bb1\/2&Prime;]<div class=\"grve-empty-space mobileSpace2\" style=\"height: 0px;\"><\/div><h1 class=\"grve-element grve-title grve-align-left grve-h1\" style=\"\"><span>PC fixe sur-mesure<\/span><\/h1>[vc_column_text text_style=\u00a0\u00bbleader-text\u00a0\u00bb css=\u00a0\u00bb.vc_custom_1699538938534{margin-bottom: 60px !important;}\u00a0\u00bb]Depanneinformatique assemble pour vous l\u2019ordinateur fixe de vos r\u00eaves ![\/vc_column_text][\/vc_column][vc_column column_custom_position=\u00a0\u00bbyes\u00a0\u00bb position_top=\u00a0\u00bb3x\u00a0\u00bb width=\u00a0\u00bb1\/2&Prime;]<div class=\"grve-element grve-image grve-align-center\" style=\"\">  <div class=\"grve-image-wrapper\"><img loading=\"lazy\" decoding=\"async\" width=\"1239\" height=\"1000\" src=\"https:\/\/www.blackbirdee.fr\/prod\/DEPANNEINFORMATIQUE\/wp-content\/uploads\/2023\/11\/PC-sur-mesure.png\" class=\"attachment-full size-full\" alt=\"PC fixe sur-mesure\" srcset=\"https:\/\/www.blackbirdee.fr\/prod\/DEPANNEINFORMATIQUE\/wp-content\/uploads\/2023\/11\/PC-sur-mesure.png 1239w, https:\/\/www.blackbirdee.fr\/prod\/DEPANNEINFORMATIQUE\/wp-content\/uploads\/2023\/11\/PC-sur-mesure-300x242.png 300w, https:\/\/www.blackbirdee.fr\/prod\/DEPANNEINFORMATIQUE\/wp-content\/uploads\/2023\/11\/PC-sur-mesure-1024x826.png 1024w, https:\/\/www.blackbirdee.fr\/prod\/DEPANNEINFORMATIQUE\/wp-content\/uploads\/2023\/11\/PC-sur-mesure-768x620.png 768w\" sizes=\"auto, (max-width: 1239px) 100vw, 1239px\" \/>   <\/div><\/div>[\/vc_column][\/vc_row][vc_row padding_top_multiplier=\u00a0\u00bb2x\u00a0\u00bb padding_bottom_multiplier=\u00a0\u00bb\u00a0\u00bb separator_bottom_size=\u00a0\u00bb120px\u00a0\u00bb][vc_column]<h3 class=\"grve-element grve-title grve-align-center grve-h3\" style=\"\"><span>Particulier, professionnel, collectivit\u00e9, vous souhaitez une tour, un PC fixe sur-mesure ainsi qu&rsquo;une installation et la r\u00e9cup\u00e9ration de vos donn\u00e9es. Je vous conseillerais sur le choix des composants ainsi que sur leur qualit\u00e9 que vous s\u00e9lectionnerez et cela en fonction de la puissance et de votre budget de d\u00e9part.<\/span><\/h3>[\/vc_column][\/vc_row][vc_row padding_top_multiplier=\u00a0\u00bb2x\u00a0\u00bb padding_bottom_multiplier=\u00a0\u00bb\u00a0\u00bb separator_bottom_size=\u00a0\u00bb120px\u00a0\u00bb][vc_column]<h3 class=\"grve-element grve-title grve-align-center grve-h3\" style=\"\"><span>Vous pourrez ainsi profiter de mon expertise et des meilleures garanties sur chaque \u00e9l\u00e9ment de votre pc fixe sur mesure. Une multitude d&rsquo;applications est possible : PC Architecte, PC Laboratoire, PC Gamer, PC familial, PC r\u00e9sistant \u00e0 la poussi\u00e8re (garage automobile, b\u00e2timent\u2026).<\/span><\/h3>[\/vc_column][\/vc_row][vc_row padding_top_multiplier=\u00a0\u00bb2x\u00a0\u00bb padding_bottom_multiplier=\u00a0\u00bb\u00a0\u00bb separator_bottom_size=\u00a0\u00bb120px\u00a0\u00bb][vc_column]<h3 class=\"grve-element grve-title grve-align-center grve-h3\" style=\"\"><span><strong>Mon objectif : vous fournir un ordinateur efficace, rapide, \u00e9cologique, \u00e9conomique et durable. Configurez votre PC fixe sur mesure d\u00e8s \u00e0 pr\u00e9sent ou contactez-moi pour un rendez-vous.<\/strong><\/span><\/h3>[\/vc_column][\/vc_row][vc_row padding_bottom_multiplier=\u00a0\u00bb2x\u00a0\u00bb font_color=\u00a0\u00bb#1e73be\u00a0\u00bb][vc_column]<div class=\"grve-empty-space grve-height-2x\" style=\"\"><\/div><div class=\"grve-element grve-gallery grve-isotope grve-gallery-popup grve-with-gap\" style=\"\" data-columns=\"3\" data-columns-large-screen=\"3\" data-columns-tablet-landscape=\"2\" data-columns-tablet-portrait=\"3\" data-columns-mobile=\"2\" data-layout=\"fitRows\" data-gutter-size=\"30\">  <div class=\"grve-isotope-container\"><div class=\"grve-isotope-item grve-hover-item grve-hover-style-none\">  <figure class=\"grve-image-hover\">    <a class=\"grve-item-url\" href=\"https:\/\/www.blackbirdee.fr\/prod\/DEPANNEINFORMATIQUE\/wp-content\/uploads\/2023\/11\/PC-sur-mesure-1.jpg\" ><\/a>    <div class=\"grve-hover-overlay grve-bg-light grve-opacity-0\"><\/div><div class=\"grve-media\"><img loading=\"lazy\" decoding=\"async\" width=\"627\" height=\"645\" src=\"https:\/\/www.blackbirdee.fr\/prod\/DEPANNEINFORMATIQUE\/wp-content\/uploads\/2023\/11\/PC-sur-mesure-1.jpg\" class=\"attachment-medium_large size-medium_large\" alt=\"PC sur-mesure\" srcset=\"https:\/\/www.blackbirdee.fr\/prod\/DEPANNEINFORMATIQUE\/wp-content\/uploads\/2023\/11\/PC-sur-mesure-1.jpg 627w, https:\/\/www.blackbirdee.fr\/prod\/DEPANNEINFORMATIQUE\/wp-content\/uploads\/2023\/11\/PC-sur-mesure-1-292x300.jpg 292w\" sizes=\"auto, (max-width: 627px) 100vw, 627px\" \/><\/div>  <\/figure><\/div><div class=\"grve-isotope-item grve-hover-item grve-hover-style-none\">  <figure class=\"grve-image-hover\">    <a class=\"grve-item-url\" href=\"https:\/\/www.blackbirdee.fr\/prod\/DEPANNEINFORMATIQUE\/wp-content\/uploads\/2023\/11\/PC-sur-mesure-2.jpg\" ><\/a>    <div class=\"grve-hover-overlay grve-bg-light grve-opacity-0\"><\/div><div class=\"grve-media\"><img loading=\"lazy\" decoding=\"async\" width=\"669\" height=\"736\" src=\"https:\/\/www.blackbirdee.fr\/prod\/DEPANNEINFORMATIQUE\/wp-content\/uploads\/2023\/11\/PC-sur-mesure-2.jpg\" class=\"attachment-medium_large size-medium_large\" alt=\"PC sur-mesure\" srcset=\"https:\/\/www.blackbirdee.fr\/prod\/DEPANNEINFORMATIQUE\/wp-content\/uploads\/2023\/11\/PC-sur-mesure-2.jpg 669w, https:\/\/www.blackbirdee.fr\/prod\/DEPANNEINFORMATIQUE\/wp-content\/uploads\/2023\/11\/PC-sur-mesure-2-273x300.jpg 273w\" sizes=\"auto, (max-width: 669px) 100vw, 669px\" \/><\/div>  <\/figure><\/div><div class=\"grve-isotope-item grve-hover-item grve-hover-style-none\">  <figure class=\"grve-image-hover\">    <a class=\"grve-item-url\" href=\"https:\/\/www.blackbirdee.fr\/prod\/DEPANNEINFORMATIQUE\/wp-content\/uploads\/2023\/11\/PC-sur-mesure-3.jpg\" ><\/a>    <div class=\"grve-hover-overlay grve-bg-light grve-opacity-0\"><\/div><div class=\"grve-media\"><img loading=\"lazy\" decoding=\"async\" width=\"562\" height=\"688\" src=\"https:\/\/www.blackbirdee.fr\/prod\/DEPANNEINFORMATIQUE\/wp-content\/uploads\/2023\/11\/PC-sur-mesure-3.jpg\" class=\"attachment-medium_large size-medium_large\" alt=\"PC sur-mesure\" srcset=\"https:\/\/www.blackbirdee.fr\/prod\/DEPANNEINFORMATIQUE\/wp-content\/uploads\/2023\/11\/PC-sur-mesure-3.jpg 562w, https:\/\/www.blackbirdee.fr\/prod\/DEPANNEINFORMATIQUE\/wp-content\/uploads\/2023\/11\/PC-sur-mesure-3-245x300.jpg 245w\" sizes=\"auto, (max-width: 562px) 100vw, 562px\" \/><\/div>  <\/figure><\/div><div class=\"grve-isotope-item grve-hover-item grve-hover-style-none\">  <figure class=\"grve-image-hover\">    <a class=\"grve-item-url\" href=\"https:\/\/www.blackbirdee.fr\/prod\/DEPANNEINFORMATIQUE\/wp-content\/uploads\/2023\/11\/PC-sur-mesure-4.jpg\" ><\/a>    <div class=\"grve-hover-overlay grve-bg-light grve-opacity-0\"><\/div><div class=\"grve-media\"><img loading=\"lazy\" decoding=\"async\" width=\"608\" height=\"677\" src=\"https:\/\/www.blackbirdee.fr\/prod\/DEPANNEINFORMATIQUE\/wp-content\/uploads\/2023\/11\/PC-sur-mesure-4.jpg\" class=\"attachment-medium_large size-medium_large\" alt=\"PC sur-mesure\" srcset=\"https:\/\/www.blackbirdee.fr\/prod\/DEPANNEINFORMATIQUE\/wp-content\/uploads\/2023\/11\/PC-sur-mesure-4.jpg 608w, https:\/\/www.blackbirdee.fr\/prod\/DEPANNEINFORMATIQUE\/wp-content\/uploads\/2023\/11\/PC-sur-mesure-4-269x300.jpg 269w\" sizes=\"auto, (max-width: 608px) 100vw, 608px\" \/><\/div>  <\/figure><\/div><div class=\"grve-isotope-item grve-hover-item grve-hover-style-none\">  <figure class=\"grve-image-hover\">    <a class=\"grve-item-url\" href=\"https:\/\/www.blackbirdee.fr\/prod\/DEPANNEINFORMATIQUE\/wp-content\/uploads\/2023\/11\/PC-sur-mesure-5.jpg\" ><\/a>    <div class=\"grve-hover-overlay grve-bg-light grve-opacity-0\"><\/div><div class=\"grve-media\"><img loading=\"lazy\" decoding=\"async\" width=\"573\" height=\"533\" src=\"https:\/\/www.blackbirdee.fr\/prod\/DEPANNEINFORMATIQUE\/wp-content\/uploads\/2023\/11\/PC-sur-mesure-5.jpg\" class=\"attachment-medium_large size-medium_large\" alt=\"PC sur-mesure\" srcset=\"https:\/\/www.blackbirdee.fr\/prod\/DEPANNEINFORMATIQUE\/wp-content\/uploads\/2023\/11\/PC-sur-mesure-5.jpg 573w, https:\/\/www.blackbirdee.fr\/prod\/DEPANNEINFORMATIQUE\/wp-content\/uploads\/2023\/11\/PC-sur-mesure-5-300x279.jpg 300w\" sizes=\"auto, (max-width: 573px) 100vw, 573px\" \/><\/div>  <\/figure><\/div><div class=\"grve-isotope-item grve-hover-item grve-hover-style-none\">  <figure class=\"grve-image-hover\">    <a class=\"grve-item-url\" href=\"https:\/\/www.blackbirdee.fr\/prod\/DEPANNEINFORMATIQUE\/wp-content\/uploads\/2023\/11\/PC-sur-mesure-6.jpg\" ><\/a>    <div class=\"grve-hover-overlay grve-bg-light grve-opacity-0\"><\/div><div class=\"grve-media\"><img loading=\"lazy\" decoding=\"async\" width=\"606\" height=\"536\" src=\"https:\/\/www.blackbirdee.fr\/prod\/DEPANNEINFORMATIQUE\/wp-content\/uploads\/2023\/11\/PC-sur-mesure-6.jpg\" class=\"attachment-medium_large size-medium_large\" alt=\"PC sur-mesure\" srcset=\"https:\/\/www.blackbirdee.fr\/prod\/DEPANNEINFORMATIQUE\/wp-content\/uploads\/2023\/11\/PC-sur-mesure-6.jpg 606w, https:\/\/www.blackbirdee.fr\/prod\/DEPANNEINFORMATIQUE\/wp-content\/uploads\/2023\/11\/PC-sur-mesure-6-300x265.jpg 300w\" sizes=\"auto, (max-width: 606px) 100vw, 606px\" \/><\/div>  <\/figure><\/div>  <\/div><\/div>[\/vc_column][\/vc_row][vc_row bg_type=\u00a0\u00bbcolor\u00a0\u00bb padding_top_multiplier=\u00a0\u00bb\u00a0\u00bb padding_bottom_multiplier=\u00a0\u00bb\u00a0\u00bb separator_bottom=\u00a0\u00bbcurve-right-separator\u00a0\u00bb separator_bottom_size=\u00a0\u00bb120px\u00a0\u00bb bg_color=\u00a0\u00bb#eff3f6&Prime;][vc_column column_custom_position=\u00a0\u00bbyes\u00a0\u00bb position_bottom=\u00a0\u00bbminus-2x\u00a0\u00bb]<div class=\"grve-empty-space grve-height-1x\" style=\"\"><\/div><h3 class=\"grve-element grve-title grve-align-center grve-h3\" style=\"\"><span>Des solutions informatiques rapides et efficaces \u00e0 des tarifs comp\u00e9titifs.<br \/>\nJe suis l\u00e0 pour r\u00e9soudre tous vos probl\u00e8mes de d\u00e9pannage informatique, r\u00e9seau et logiciel.<\/span><\/h3><div class=\"grve-empty-space grve-height-2x\" style=\"\"><\/div><div class=\"grve-element grve-progress-bars grve-style-1 grve-line-square\" style=\"\"><div class=\"grve-element grve-progress-bar grve-margin-10\" data-value=\"100\">  <div class=\"grve-small-text grve-bar-title\">R\u00e9paration<\/div>  <div class=\"grve-bar\">    <div class=\"grve-bar-line grve-bg-primary-1\" style=\"\"><\/div>  <\/div><\/div><div class=\"grve-element grve-progress-bar grve-margin-10\" data-value=\"100\">  <div class=\"grve-small-text grve-bar-title\">Installation<\/div>  <div class=\"grve-bar\">    <div class=\"grve-bar-line grve-bg-primary-1\" style=\"\"><\/div>  <\/div><\/div><div class=\"grve-element grve-progress-bar grve-margin-10\" data-value=\"100\">  <div class=\"grve-small-text grve-bar-title\">d\u00e9pannage<\/div>  <div class=\"grve-bar\">    <div class=\"grve-bar-line grve-bg-primary-1\" style=\"\"><\/div>  <\/div><\/div><\/div><div class=\"grve-empty-space grve-height-6x\" style=\"\"><\/div>[\/vc_column][\/vc_row][vc_row heading_color=\u00a0\u00bblight\u00a0\u00bb bg_type=\u00a0\u00bbimage\u00a0\u00bb bg_image=\u00a0\u00bb101&Prime; padding_top_multiplier=\u00a0\u00bb5x\u00a0\u00bb padding_bottom_multiplier=\u00a0\u00bb5x\u00a0\u00bb font_color=\u00a0\u00bb#ffffff\u00a0\u00bb][vc_column width=\u00a0\u00bb1\/4&Prime;][\/vc_column][vc_column width=\u00a0\u00bb1\/2&Prime;]<h4 class=\"grve-element grve-title grve-align-center grve-h4\" style=\"\"><span>Informatique en difficult\u00e9 ?<\/span><\/h4><div class=\"grve-empty-space grve-height-1x\" style=\"\"><\/div><h2 class=\"grve-element grve-title grve-align-center grve-h2\" style=\"\"><span>D\u00e9panneInformatique<\/span><\/h2>[vc_column_text text_style=\u00a0\u00bbleader-text\u00a0\u00bb css=\u00a0\u00bb.vc_custom_1697648844215{padding-bottom: 30px !important;}\u00a0\u00bb]<\/p>\n<p style=\"text-align: center;\">Vous ne pouvez pas vous permettre d&rsquo;attendre pour une r\u00e9paration informatique ? Je vous offre une assistance rapide et efficace pour tous vos besoins informatiques.<\/p>\n<p>[\/vc_column_text]<div class=\"grve-element grve-align-center\"><a href=\"\/contact\" class=\"grve-btn grve-btn-medium grve-shadow-large grve-round grve-bg-white grve-bg-hover-primary-2\"><span>Contactez moi !<\/span><\/a><\/div>[\/vc_column][vc_column width=\u00a0\u00bb1\/4&Prime;][\/vc_column][\/vc_row]<\/p>\n<\/div>","protected":false},"excerpt":{"rendered":"<p>[vc_row heading_color=\u00a0\u00bblight\u00a0\u00bb bg_type=\u00a0\u00bbimage\u00a0\u00bb bg_image=\u00a0\u00bb18&Prime; padding_top_multiplier=\u00a0\u00bb2x\u00a0\u00bb padding_bottom_multiplier=\u00a0\u00bb6x\u00a0\u00bb equal_column_height=\u00a0\u00bbmiddle-content\u00a0\u00bb mobile_equal_column_height=\u00a0\u00bbfalse\u00a0\u00bb separator_bottom=\u00a0\u00bbcurve-left-separator\u00a0\u00bb separator_bottom_size=\u00a0\u00bb120px\u00a0\u00bb font_color=\u00a0\u00bb#ffffff\u00a0\u00bb][vc_column width=\u00a0\u00bb1\/2&Prime;][vc_column_text text_style=\u00a0\u00bbleader-text\u00a0\u00bb css=\u00a0\u00bb.vc_custom_1699538938534{margin-bottom: 60px !important;}\u00a0\u00bb]Depanneinformatique assemble pour vous l\u2019ordinateur fixe de vos r\u00eaves ![\/vc_column_text][\/vc_column][vc_column column_custom_position=\u00a0\u00bbyes\u00a0\u00bb position_top=\u00a0\u00bb3x\u00a0\u00bb width=\u00a0\u00bb1\/2&Prime;][\/vc_column][\/vc_row][vc_row padding_top_multiplier=\u00a0\u00bb2x\u00a0\u00bb padding_bottom_multiplier=\u00a0\u00bb\u00a0\u00bb separator_bottom_size=\u00a0\u00bb120px\u00a0\u00bb][vc_column][\/vc_column][\/vc_row][vc_row padding_top_multiplier=\u00a0\u00bb2x\u00a0\u00bb padding_bottom_multiplier=\u00a0\u00bb\u00a0\u00bb separator_bottom_size=\u00a0\u00bb120px\u00a0\u00bb][vc_column][\/vc_column][\/vc_row][vc_row padding_top_multiplier=\u00a0\u00bb2x\u00a0\u00bb padding_bottom_multiplier=\u00a0\u00bb\u00a0\u00bb separator_bottom_size=\u00a0\u00bb120px\u00a0\u00bb][vc_column][\/vc_column][\/vc_row][vc_row padding_bottom_multiplier=\u00a0\u00bb2x\u00a0\u00bb font_color=\u00a0\u00bb#1e73be\u00a0\u00bb][vc_column][\/vc_column][\/vc_row][vc_row bg_type=\u00a0\u00bbcolor\u00a0\u00bb padding_top_multiplier=\u00a0\u00bb\u00a0\u00bb padding_bottom_multiplier=\u00a0\u00bb\u00a0\u00bb separator_bottom=\u00a0\u00bbcurve-right-separator\u00a0\u00bb separator_bottom_size=\u00a0\u00bb120px\u00a0\u00bb bg_color=\u00a0\u00bb#eff3f6&Prime;][vc_column column_custom_position=\u00a0\u00bbyes\u00a0\u00bb position_bottom=\u00a0\u00bbminus-2x\u00a0\u00bb][\/vc_column][\/vc_row][vc_row heading_color=\u00a0\u00bblight\u00a0\u00bb bg_type=\u00a0\u00bbimage\u00a0\u00bb bg_image=\u00a0\u00bb101&Prime; padding_top_multiplier=\u00a0\u00bb5x\u00a0\u00bb padding_bottom_multiplier=\u00a0\u00bb5x\u00a0\u00bb font_color=\u00a0\u00bb#ffffff\u00a0\u00bb][vc_column width=\u00a0\u00bb1\/4&Prime;][\/vc_column][vc_column width=\u00a0\u00bb1\/2&Prime;][vc_column_text [&hellip;]<\/p>\n","protected":false},"author":2,"featured_media":0,"parent":0,"menu_order":0,"comment_status":"closed","ping_status":"closed","template":"","meta":{"footnotes":""},"class_list":["post-15764","page","type-page","status-publish","hentry"],"_links":{"self":[{"href":"https:\/\/www.blackbirdee.fr\/prod\/DEPANNEINFORMATIQUE\/wp-json\/wp\/v2\/pages\/15764","targetHints":{"allow":["GET"]}}],"collection":[{"href":"https:\/\/www.blackbirdee.fr\/prod\/DEPANNEINFORMATIQUE\/wp-json\/wp\/v2\/pages"}],"about":[{"href":"https:\/\/www.blackbirdee.fr\/prod\/DEPANNEINFORMATIQUE\/wp-json\/wp\/v2\/types\/page"}],"author":[{"embeddable":true,"href":"https:\/\/www.blackbirdee.fr\/prod\/DEPANNEINFORMATIQUE\/wp-json\/wp\/v2\/users\/2"}],"replies":[{"embeddable":true,"href":"https:\/\/www.blackbirdee.fr\/prod\/DEPANNEINFORMATIQUE\/wp-json\/wp\/v2\/comments?post=15764"}],"version-history":[{"count":106,"href":"https:\/\/www.blackbirdee.fr\/prod\/DEPANNEINFORMATIQUE\/wp-json\/wp\/v2\/pages\/15764\/revisions"}],"predecessor-version":[{"id":16667,"href":"https:\/\/www.blackbirdee.fr\/prod\/DEPANNEINFORMATIQUE\/wp-json\/wp\/v2\/pages\/15764\/revisions\/16667"}],"wp:attachment":[{"href":"https:\/\/www.blackbirdee.fr\/prod\/DEPANNEINFORMATIQUE\/wp-json\/wp\/v2\/media?parent=15764"}],"curies":[{"name":"wp","href":"https:\/\/api.w.org\/{rel}","templated":true}]}}