{"id":15874,"date":"2023-10-12T10:56:05","date_gmt":"2023-10-12T08:56:05","guid":{"rendered":"https:\/\/www.blackbirdee.fr\/prod\/DEPANNEINFORMATIQUE\/?page_id=15874"},"modified":"2023-11-16T14:56:34","modified_gmt":"2023-11-16T13:56:34","slug":"tarifs","status":"publish","type":"page","link":"https:\/\/www.blackbirdee.fr\/prod\/DEPANNEINFORMATIQUE\/tarifs\/","title":{"rendered":"Mes tarifs"},"content":{"rendered":"<div class=\"wpb-content-wrapper\"><p>[vc_row heading_color=\u00a0\u00bblight\u00a0\u00bb bg_type=\u00a0\u00bbimage\u00a0\u00bb bg_image=\u00a0\u00bb107&Prime; padding_top_multiplier=\u00a0\u00bb6x\u00a0\u00bb padding_bottom_multiplier=\u00a0\u00bb6x\u00a0\u00bb font_color=\u00a0\u00bb#ffffff\u00a0\u00bb][vc_column width=\u00a0\u00bb3\/4&Prime;]<h2 class=\"grve-element grve-title grve-align-left grve-h4\" style=\"\"><span>Tarifs<\/span><\/h2><h1 class=\"grve-element grve-title grve-align-left grve-h1\" style=\"\"><span>Un d\u00e9pannage informatique accessible \u00e0 tous !<\/span><\/h1><div class=\"grve-empty-space grve-height-2x\" style=\"\"><\/div>[\/vc_column][vc_column width=\u00a0\u00bb1\/4&Prime;][\/vc_column][\/vc_row][vc_row heading_color=\u00a0\u00bblight\u00a0\u00bb bg_type=\u00a0\u00bbimage\u00a0\u00bb bg_image=\u00a0\u00bb18&Prime; padding_top_multiplier=\u00a0\u00bb4x\u00a0\u00bb padding_bottom_multiplier=\u00a0\u00bb4x\u00a0\u00bb font_color=\u00a0\u00bb#ffffff\u00a0\u00bb][vc_column width=\u00a0\u00bb1\/3&Prime;]<div class=\"grve-element grve-pricing-table grve-animated-item grve-fade-in-up grve-duration-normal grve-align-left pricing-table grve-bg-white grve-shadow-medium grve-with-shadow\" style=\"\" data-delay=\"0\">  <div class=\"grve-pricing-header\">    <div class=\"grve-pricing-title grve-h6\">D\u00e9pannage informatique<\/div>    <div class=\"grve-pricing-description grve-subtitle\">Formatage, installation Windows ( 7 , 8 , 8.1 , 10 , 11 ) (*Ne comprend pas la licence des logiciels)<\/div>  <\/div>  <div class=\"grve-pricing-content\">    <div class=\"grve-price grve-h4 grve-text-blue grve-increase-heading grve-heading-120\"><span>85 \u20ac<\/span>     <div class=\"grve-interval grve-h6\"><\/div>   <\/div>  <\/div>  <ul><li><strong> <\/strong><\/li>  <\/ul><\/div>[\/vc_column][vc_column width=\u00a0\u00bb1\/3&Prime;]<div class=\"grve-element grve-pricing-table grve-animated-item grve-fade-in-up grve-duration-normal grve-align-left pricing-table grve-bg-white grve-shadow-small grve-with-shadow\" style=\"\" data-delay=\"0\">  <div class=\"grve-pricing-header\">    <div class=\"grve-pricing-title grve-h6\">Remise en \u00e9tat<\/div>    <div class=\"grve-pricing-description grve-subtitle\">Remise en \u00e9tat de votre Windows \u00e0 mon domicile (\u00e0 votre domicile \u00e0 l\u2019heure !)<\/div>  <\/div>  <div class=\"grve-pricing-content\">    <div class=\"grve-price grve-h4 grve-text-blue grve-increase-heading grve-heading-120\"><span>68 \u20ac<\/span>     <div class=\"grve-interval grve-h6\"><\/div>   <\/div>  <\/div>  <ul><li><strong> <\/strong><\/li>  <\/ul><\/div>[\/vc_column][vc_column width=\u00a0\u00bb1\/3&Prime;]<div class=\"grve-element grve-pricing-table grve-animated-item grve-fade-in-up grve-duration-normal grve-align-left pricing-table grve-bg-white grve-shadow-medium grve-with-shadow\" style=\"\" data-delay=\"0\">  <div class=\"grve-pricing-header\">    <div class=\"grve-pricing-title grve-h6\">Installation Software <\/div>    <div class=\"grve-pricing-description grve-subtitle\">(*Logiciels \u00e0 la charge du client)<\/div>  <\/div>  <div class=\"grve-pricing-content\">    <div class=\"grve-price grve-h4 grve-text-blue grve-increase-heading grve-heading-120\"><span>54 \u20ac<\/span>     <div class=\"grve-interval grve-h6\"><\/div>   <\/div>  <\/div>  <ul><li><strong> <\/strong><\/li>  <\/ul><\/div>[\/vc_column][\/vc_row][vc_row heading_color=\u00a0\u00bblight\u00a0\u00bb bg_type=\u00a0\u00bbimage\u00a0\u00bb bg_image=\u00a0\u00bb18&Prime; padding_top_multiplier=\u00a0\u00bb\u00a0\u00bb padding_bottom_multiplier=\u00a0\u00bb2x\u00a0\u00bb font_color=\u00a0\u00bb#ffffff\u00a0\u00bb][vc_column width=\u00a0\u00bb1\/3&Prime;]<div class=\"grve-element grve-pricing-table grve-animated-item grve-fade-in-up grve-duration-normal grve-align-left pricing-table grve-bg-white grve-shadow-medium grve-with-shadow\" style=\"\" data-delay=\"0\">  <div class=\"grve-pricing-header\">    <div class=\"grve-pricing-title grve-h6\">Forfait installation mat\u00e9riels<\/div>    <div class=\"grve-pricing-description grve-subtitle\">Carte graphique, barrette m\u00e9moire, processeur, alimentation\u2026 (*Mat\u00e9riel \u00e0 la charge du client)<\/div>  <\/div>  <div class=\"grve-pricing-content\">    <div class=\"grve-price grve-h4 grve-text-blue grve-increase-heading grve-heading-120\"><span>40 \u20ac<\/span>     <div class=\"grve-interval grve-h6\"><\/div>   <\/div>  <\/div>  <ul><li><strong> <\/strong><\/li>  <\/ul><\/div>[\/vc_column][vc_column width=\u00a0\u00bb1\/3&Prime;]<div class=\"grve-element grve-pricing-table grve-animated-item grve-fade-in-up grve-duration-normal grve-align-left pricing-table grve-bg-white grve-shadow-medium grve-with-shadow\" style=\"\" data-delay=\"0\">  <div class=\"grve-pricing-header\">    <div class=\"grve-pricing-title grve-h6\">Installation de p\u00e9riph\u00e9riques<\/div>    <div class=\"grve-pricing-description grve-subtitle\">Clavier, souris, imprimantes, webcam, casque audio, enceintes\u2026<\/div>  <\/div>  <div class=\"grve-pricing-content\">    <div class=\"grve-price grve-h4 grve-text-blue grve-increase-heading grve-heading-120\"><span>25 \u20ac<\/span>     <div class=\"grve-interval grve-h6\"><\/div>   <\/div>  <\/div>  <ul><li><strong> <\/strong><\/li>  <\/ul><\/div>[\/vc_column][vc_column width=\u00a0\u00bb1\/3&Prime;]<div class=\"grve-element grve-pricing-table grve-animated-item grve-fade-in-up grve-duration-normal grve-align-left pricing-table grve-bg-white grve-shadow-medium grve-with-shadow\" style=\"\" data-delay=\"0\">  <div class=\"grve-pricing-header\">    <div class=\"grve-pricing-title grve-h6\">Suppression de vos virus<\/div>    <div class=\"grve-pricing-description grve-subtitle\">Suppression de tous types de virus, spywares.. Nettoyage (base, registre, doublons\u2026). Suppression pages de publicit\u00e9 intempestive\u2026<\/div>  <\/div>  <div class=\"grve-pricing-content\">    <div class=\"grve-price grve-h4 grve-text-blue grve-increase-heading grve-heading-120\"><span>70 \u20ac<\/span>     <div class=\"grve-interval grve-h6\"><\/div>   <\/div>  <\/div>  <ul><li><strong> <\/strong><\/li>  <\/ul><\/div>[\/vc_column][\/vc_row][vc_row heading_color=\u00a0\u00bblight\u00a0\u00bb bg_type=\u00a0\u00bbimage\u00a0\u00bb bg_image=\u00a0\u00bb18&Prime; padding_top_multiplier=\u00a0\u00bb2x\u00a0\u00bb padding_bottom_multiplier=\u00a0\u00bb2x\u00a0\u00bb font_color=\u00a0\u00bb#ffffff\u00a0\u00bb][vc_column width=\u00a0\u00bb1\/3&Prime;]<div class=\"grve-element grve-pricing-table grve-animated-item grve-fade-in-up grve-duration-normal grve-align-left pricing-table grve-bg-white grve-shadow-medium grve-with-shadow\" style=\"\" data-delay=\"0\">  <div class=\"grve-pricing-header\">    <div class=\"grve-pricing-title grve-h6\">Nettoyage PC<\/div>    <div class=\"grve-pricing-description grve-subtitle\">Nettoyage complet du PC + changement p\u00e2te thermique du processeur.<\/div>  <\/div>  <div class=\"grve-pricing-content\">    <div class=\"grve-price grve-h4 grve-text-blue grve-increase-heading grve-heading-120\"><span>70 \u20ac<\/span>     <div class=\"grve-interval grve-h6\"><\/div>   <\/div>  <\/div>  <ul><li><strong> <\/strong><\/li>  <\/ul><\/div>[\/vc_column][vc_column width=\u00a0\u00bb1\/3&Prime;]<div class=\"grve-element grve-pricing-table grve-animated-item grve-fade-in-up grve-duration-normal grve-align-left pricing-table grve-bg-white grve-shadow-medium grve-with-shadow\" style=\"\" data-delay=\"0\">  <div class=\"grve-pricing-header\">    <div class=\"grve-pricing-title grve-h6\">Sauvegarde de vos donn\u00e9es<\/div>    <div class=\"grve-pricing-description grve-subtitle\">Sur disque dur, carte SD et SSD (Suivant la taille des donn\u00e9es, le client doit fournir le disque pour le stockage des donn\u00e9es r\u00e9cup\u00e9r\u00e9es).<\/div>  <\/div>  <div class=\"grve-pricing-content\">    <div class=\"grve-price grve-h4 grve-text-blue grve-increase-heading grve-heading-120\"><span>45 \u20ac<\/span>     <div class=\"grve-interval grve-h6\"><\/div>   <\/div>  <\/div>  <ul><li><strong> <\/strong><\/li>  <\/ul><\/div>[\/vc_column][vc_column width=\u00a0\u00bb1\/3&Prime;]<div class=\"grve-element grve-pricing-table grve-animated-item grve-fade-in-up grve-duration-normal grve-align-left pricing-table grve-bg-white grve-shadow-medium grve-with-shadow\" style=\"\" data-delay=\"0\">  <div class=\"grve-pricing-header\">    <div class=\"grve-pricing-title grve-h6\">R\u00e9cup\u00e9ration de vos donn\u00e9es<\/div>    <div class=\"grve-pricing-description grve-subtitle\">(*Dans la mesure du possible)<\/div>  <\/div>  <div class=\"grve-pricing-content\">    <div class=\"grve-price grve-h4 grve-text-blue grve-increase-heading grve-heading-120\"><span>60 \u20ac<\/span>     <div class=\"grve-interval grve-h6\"><\/div>   <\/div>  <\/div>  <ul><li><strong> <\/strong><\/li>  <\/ul><\/div>[\/vc_column][\/vc_row][vc_row heading_color=\u00a0\u00bblight\u00a0\u00bb bg_type=\u00a0\u00bbimage\u00a0\u00bb bg_image=\u00a0\u00bb18&Prime; padding_top_multiplier=\u00a0\u00bb2x\u00a0\u00bb padding_bottom_multiplier=\u00a0\u00bb2x\u00a0\u00bb font_color=\u00a0\u00bb#ffffff\u00a0\u00bb][vc_column width=\u00a0\u00bb1\/3&Prime;]<div class=\"grve-element grve-pricing-table grve-animated-item grve-fade-in-up grve-duration-normal grve-align-left pricing-table grve-bg-white grve-shadow-medium grve-with-shadow\" style=\"\" data-delay=\"0\">  <div class=\"grve-pricing-header\">    <div class=\"grve-pricing-title grve-h6\">Installation internet<\/div>    <div class=\"grve-pricing-description grve-subtitle\">Installation tous types de box (Freebox, Neuf box, Livebox, Bbox\u2026)<\/div>  <\/div>  <div class=\"grve-pricing-content\">    <div class=\"grve-price grve-h4 grve-text-blue grve-increase-heading grve-heading-120\"><span>45 \u20ac<\/span>     <div class=\"grve-interval grve-h6\"><\/div>   <\/div>  <\/div>  <ul><li><strong> <\/strong><\/li>  <\/ul><\/div>[\/vc_column][vc_column width=\u00a0\u00bb1\/3&Prime;]<div class=\"grve-element grve-pricing-table grve-animated-item grve-fade-in-up grve-duration-normal grve-align-left pricing-table grve-bg-white grve-shadow-medium grve-with-shadow\" style=\"\" data-delay=\"0\">  <div class=\"grve-pricing-header\">    <div class=\"grve-pricing-title grve-h6\">Cours d\u2019initiation \u00e0 l\u2019informatique<\/div>    <div class=\"grve-pricing-description grve-subtitle\"><\/div>  <\/div>  <div class=\"grve-pricing-content\">    <div class=\"grve-price grve-h4 grve-text-blue grve-increase-heading grve-heading-120\"><span>25 \u20ac<\/span>     <div class=\"grve-interval grve-h6\">\/ heure<\/div>   <\/div>  <\/div>  <ul><li><strong> <\/strong><\/li>  <\/ul><\/div>[\/vc_column][vc_column width=\u00a0\u00bb1\/3&Prime;]<div class=\"grve-element grve-pricing-table grve-animated-item grve-fade-in-up grve-duration-normal grve-align-left pricing-table grve-bg-white grve-shadow-medium grve-with-shadow\" style=\"\" data-delay=\"0\">  <div class=\"grve-pricing-header\">    <div class=\"grve-pricing-title grve-h6\">Assemblage de PC sur-mesure<\/div>    <div class=\"grve-pricing-description grve-subtitle\"> (*Mat\u00e9riel \u00e0 la charge du client)<\/div>  <\/div>  <div class=\"grve-pricing-content\">    <div class=\"grve-price grve-h4 grve-text-blue grve-increase-heading grve-heading-120\"><span>60 \u20ac<\/span>     <div class=\"grve-interval grve-h6\"><\/div>   <\/div>  <\/div>  <ul><li><strong> <\/strong><\/li>  <\/ul><\/div>[\/vc_column][\/vc_row][vc_row heading_color=\u00a0\u00bblight\u00a0\u00bb bg_type=\u00a0\u00bbimage\u00a0\u00bb bg_image=\u00a0\u00bb18&Prime; padding_top_multiplier=\u00a0\u00bb2x\u00a0\u00bb padding_bottom_multiplier=\u00a0\u00bb2x\u00a0\u00bb font_color=\u00a0\u00bb#ffffff\u00a0\u00bb][vc_column]<div class=\"grve-empty-space ipadSpace1 mobileSpace1\" style=\"height: 0px;\"><\/div><h4 class=\"grve-element grve-title grve-align-left grve-animated-item grve-duration-normal grve-fade-in grve-h3\" style=\"\" data-delay=\"0\"><span><strong><span style=\"color: white;\">Recherche de Panne informatique 40\u20ac<br \/>\n(si r\u00e9paration chez Depanneinformatique, recherche de panne offerte)<\/span><\/strong><\/span><\/h4><div class=\"grve-empty-space ipadSpace1 mobileSpace1\" style=\"height: 0px;\"><\/div>[\/vc_column][\/vc_row][vc_row bg_type=\u00a0\u00bbcolor\u00a0\u00bb padding_top_multiplier=\u00a0\u00bb2x\u00a0\u00bb padding_bottom_multiplier=\u00a0\u00bb\u00a0\u00bb bg_color=\u00a0\u00bb#f2f6f9&Prime;][vc_column]<h5 class=\"grve-element grve-title grve-align-left grve-small-text\" style=\"\"><span>Les prix TTC en euros sont donn\u00e9s \u00e0 titre indicatif et sont susceptibles d\u2019\u00eatre modifi\u00e9s \u00e0 tout moment.<br \/>\nSeuls les prix figurant sur le bon de commande d\u00fbment accept\u00e9 sont fermes et d\u00e9finitifs.<\/span><\/h5><div class=\"grve-empty-space grve-height-2x\" style=\"\"><\/div>[\/vc_column][\/vc_row][vc_row bg_type=\u00a0\u00bbcolor\u00a0\u00bb padding_top_multiplier=\u00a0\u00bb\u00a0\u00bb padding_bottom_multiplier=\u00a0\u00bb2x\u00a0\u00bb separator_bottom_color=\u00a0\u00bb#eff3f6&Prime; bg_color=\u00a0\u00bb#f2f6f9&Prime;][vc_column width=\u00a0\u00bb1\/2&Prime;][vc_single_image image=\u00a0\u00bb16668&Prime; img_size=\u00a0\u00bb\u00a0\u00bb]<h6 class=\"grve-element grve-title grve-align-left grve-h6\" style=\"\"><span>Paiement par Carte Bancaire ou Ch\u00e8que ou Esp\u00e8ces .<\/span><\/h6>[\/vc_column][vc_column width=\u00a0\u00bb1\/2&Prime; mobile_width=\u00a0\u00bbhide\u00a0\u00bb][\/vc_column][\/vc_row]<\/p>\n<\/div>","protected":false},"excerpt":{"rendered":"<p>[vc_row heading_color=\u00a0\u00bblight\u00a0\u00bb bg_type=\u00a0\u00bbimage\u00a0\u00bb bg_image=\u00a0\u00bb107&Prime; padding_top_multiplier=\u00a0\u00bb6x\u00a0\u00bb padding_bottom_multiplier=\u00a0\u00bb6x\u00a0\u00bb font_color=\u00a0\u00bb#ffffff\u00a0\u00bb][vc_column width=\u00a0\u00bb3\/4&Prime;][\/vc_column][vc_column width=\u00a0\u00bb1\/4&Prime;][\/vc_column][\/vc_row][vc_row heading_color=\u00a0\u00bblight\u00a0\u00bb bg_type=\u00a0\u00bbimage\u00a0\u00bb bg_image=\u00a0\u00bb18&Prime; padding_top_multiplier=\u00a0\u00bb4x\u00a0\u00bb padding_bottom_multiplier=\u00a0\u00bb4x\u00a0\u00bb font_color=\u00a0\u00bb#ffffff\u00a0\u00bb][vc_column width=\u00a0\u00bb1\/3&Prime;][\/vc_column][vc_column width=\u00a0\u00bb1\/3&Prime;][\/vc_column][vc_column width=\u00a0\u00bb1\/3&Prime;][\/vc_column][\/vc_row][vc_row heading_color=\u00a0\u00bblight\u00a0\u00bb bg_type=\u00a0\u00bbimage\u00a0\u00bb bg_image=\u00a0\u00bb18&Prime; padding_top_multiplier=\u00a0\u00bb\u00a0\u00bb padding_bottom_multiplier=\u00a0\u00bb2x\u00a0\u00bb font_color=\u00a0\u00bb#ffffff\u00a0\u00bb][vc_column width=\u00a0\u00bb1\/3&Prime;][\/vc_column][vc_column width=\u00a0\u00bb1\/3&Prime;][\/vc_column][vc_column width=\u00a0\u00bb1\/3&Prime;][\/vc_column][\/vc_row][vc_row heading_color=\u00a0\u00bblight\u00a0\u00bb bg_type=\u00a0\u00bbimage\u00a0\u00bb bg_image=\u00a0\u00bb18&Prime; padding_top_multiplier=\u00a0\u00bb2x\u00a0\u00bb padding_bottom_multiplier=\u00a0\u00bb2x\u00a0\u00bb font_color=\u00a0\u00bb#ffffff\u00a0\u00bb][vc_column width=\u00a0\u00bb1\/3&Prime;][\/vc_column][vc_column width=\u00a0\u00bb1\/3&Prime;][\/vc_column][vc_column width=\u00a0\u00bb1\/3&Prime;][\/vc_column][\/vc_row][vc_row heading_color=\u00a0\u00bblight\u00a0\u00bb bg_type=\u00a0\u00bbimage\u00a0\u00bb bg_image=\u00a0\u00bb18&Prime; padding_top_multiplier=\u00a0\u00bb2x\u00a0\u00bb padding_bottom_multiplier=\u00a0\u00bb2x\u00a0\u00bb font_color=\u00a0\u00bb#ffffff\u00a0\u00bb][vc_column width=\u00a0\u00bb1\/3&Prime;][\/vc_column][vc_column width=\u00a0\u00bb1\/3&Prime;][\/vc_column][vc_column width=\u00a0\u00bb1\/3&Prime;][\/vc_column][\/vc_row][vc_row heading_color=\u00a0\u00bblight\u00a0\u00bb bg_type=\u00a0\u00bbimage\u00a0\u00bb bg_image=\u00a0\u00bb18&Prime; padding_top_multiplier=\u00a0\u00bb2x\u00a0\u00bb padding_bottom_multiplier=\u00a0\u00bb2x\u00a0\u00bb font_color=\u00a0\u00bb#ffffff\u00a0\u00bb][vc_column][\/vc_column][\/vc_row][vc_row bg_type=\u00a0\u00bbcolor\u00a0\u00bb padding_top_multiplier=\u00a0\u00bb2x\u00a0\u00bb padding_bottom_multiplier=\u00a0\u00bb\u00a0\u00bb bg_color=\u00a0\u00bb#f2f6f9&Prime;][vc_column][\/vc_column][\/vc_row][vc_row [&hellip;]<\/p>\n","protected":false},"author":2,"featured_media":0,"parent":0,"menu_order":0,"comment_status":"closed","ping_status":"closed","template":"","meta":{"footnotes":""},"class_list":["post-15874","page","type-page","status-publish","hentry"],"_links":{"self":[{"href":"https:\/\/www.blackbirdee.fr\/prod\/DEPANNEINFORMATIQUE\/wp-json\/wp\/v2\/pages\/15874","targetHints":{"allow":["GET"]}}],"collection":[{"href":"https:\/\/www.blackbirdee.fr\/prod\/DEPANNEINFORMATIQUE\/wp-json\/wp\/v2\/pages"}],"about":[{"href":"https:\/\/www.blackbirdee.fr\/prod\/DEPANNEINFORMATIQUE\/wp-json\/wp\/v2\/types\/page"}],"author":[{"embeddable":true,"href":"https:\/\/www.blackbirdee.fr\/prod\/DEPANNEINFORMATIQUE\/wp-json\/wp\/v2\/users\/2"}],"replies":[{"embeddable":true,"href":"https:\/\/www.blackbirdee.fr\/prod\/DEPANNEINFORMATIQUE\/wp-json\/wp\/v2\/comments?post=15874"}],"version-history":[{"count":130,"href":"https:\/\/www.blackbirdee.fr\/prod\/DEPANNEINFORMATIQUE\/wp-json\/wp\/v2\/pages\/15874\/revisions"}],"predecessor-version":[{"id":16672,"href":"https:\/\/www.blackbirdee.fr\/prod\/DEPANNEINFORMATIQUE\/wp-json\/wp\/v2\/pages\/15874\/revisions\/16672"}],"wp:attachment":[{"href":"https:\/\/www.blackbirdee.fr\/prod\/DEPANNEINFORMATIQUE\/wp-json\/wp\/v2\/media?parent=15874"}],"curies":[{"name":"wp","href":"https:\/\/api.w.org\/{rel}","templated":true}]}}