{"id":7,"date":"2018-01-18T17:30:15","date_gmt":"2018-01-18T16:30:15","guid":{"rendered":"https:\/\/www.blackbirdee.fr\/prod\/DEPANNEINFORMATIQUE\/services\/"},"modified":"2023-11-14T19:25:02","modified_gmt":"2023-11-14T18:25:02","slug":"services","status":"publish","type":"page","link":"https:\/\/www.blackbirdee.fr\/prod\/DEPANNEINFORMATIQUE\/services\/","title":{"rendered":"Mes Services"},"content":{"rendered":"<div class=\"wpb-content-wrapper\"><p>[vc_row heading_color=\u00a0\u00bblight\u00a0\u00bb bg_type=\u00a0\u00bbimage\u00a0\u00bb bg_image=\u00a0\u00bb107&Prime; padding_top_multiplier=\u00a0\u00bb6x\u00a0\u00bb padding_bottom_multiplier=\u00a0\u00bb6x\u00a0\u00bb font_color=\u00a0\u00bb#ffffff\u00a0\u00bb][vc_column width=\u00a0\u00bb2\/3&Prime;]<h1 class=\"grve-element grve-title grve-align-left grve-h4\" style=\"\"><span>Expert en informatique<\/span><\/h1><h2 class=\"grve-element grve-title grve-align-left grve-h1\" style=\"\"><span>D\u00e9pannage informatique pour toutes vos urgences<\/span><\/h2>[vc_column_text text_style=\u00a0\u00bbleader-text\u00a0\u00bb]Votre ordinateur est en panne ? Un probl\u00e8me de r\u00e9seau ? Des virus ou logiciels malveillants ?<br \/>\nJe peux vous aider ![\/vc_column_text][\/vc_column][vc_column width=\u00a0\u00bb1\/3&Prime;][\/vc_column][\/vc_row][vc_row heading_color=\u00a0\u00bblight\u00a0\u00bb padding_top_multiplier=\u00a0\u00bb\u00a0\u00bb padding_bottom_multiplier=\u00a0\u00bb\u00a0\u00bb font_color=\u00a0\u00bb#ffffff\u00a0\u00bb][vc_column column_effect=\u00a0\u00bbvertical-parallax\u00a0\u00bb column_effect_limit=\u00a0\u00bb4x\u00a0\u00bb column_effect_invert=\u00a0\u00bbtrue\u00a0\u00bb tablet_portrait_column_effect=\u00a0\u00bb\u00a0\u00bb mobile_column_effect=\u00a0\u00bb\u00a0\u00bb shadow=\u00a0\u00bblarge\u00a0\u00bb css=\u00a0\u00bb.vc_custom_1699536735808{padding-top: 60px !important;padding-right: 30px !important;padding-bottom: 60px !important;padding-left: 30px !important;background-color: #1994ea !important;border-radius: 4px !important;}\u00a0\u00bb]<h2 class=\"grve-element grve-title grve-align-center grve-h2\" style=\"\"><span>Nos services<\/span><\/h2><div class=\"grve-empty-space grve-height-1x\" style=\"\"><\/div>[vc_row_inner][vc_column_inner width=\u00a0\u00bb1\/3&Prime; css=\u00a0\u00bb.vc_custom_1699609966247{padding-bottom: 25px !important;}\u00a0\u00bb]<div class=\"grve-element grve-box-icon grve-medium grve-side-icon grve-align-left\" style=\"\"><div class=\"grve-wrapper-icon grve-no-shape\" style=\"\"><i class=\"grve-text-white et-icon-laptop\"><\/i><\/div><div class=\"grve-box-content\"><div class=\"grve-box-title-wrapper\"><h3 class=\"grve-box-title grve-h3\">Mat\u00e9riels Informatiques<\/h3><\/div>  <p class=\"\">Assemblage de vos composants informatiques <\/p><\/div><\/div>[\/vc_column_inner][vc_column_inner width=\u00a0\u00bb1\/3&Prime; css=\u00a0\u00bb.vc_custom_1699609971347{padding-bottom: 25px !important;}\u00a0\u00bb]<div class=\"grve-element grve-box-icon grve-medium grve-side-icon grve-align-left\" style=\"\"><div class=\"grve-wrapper-icon grve-no-shape\" style=\"\"><i class=\"grve-text-white et-icon-browser\"><\/i><\/div><div class=\"grve-box-content\"><div class=\"grve-box-title-wrapper\"><h3 class=\"grve-box-title grve-h3\">Logiciels Informatiques<\/h3><\/div>  <p class=\"\">Installation de vos Logiciels <\/p><\/div><\/div>[\/vc_column_inner][vc_column_inner width=\u00a0\u00bb1\/3&Prime;]<div class=\"grve-element grve-box-icon grve-medium grve-side-icon grve-align-left\" style=\"\"><div class=\"grve-wrapper-icon grve-no-shape\" style=\"\"><i class=\"grve-text-white et-icon-printer\"><\/i><\/div><div class=\"grve-box-content\"><div class=\"grve-box-title-wrapper\"><h3 class=\"grve-box-title grve-h3\">P\u00e9riph\u00e9riques et R\u00e9seaux<\/h3><\/div>  <p class=\"\">Branchement de vos p\u00e9riph\u00e9riques r\u00e9seau ainsi que de votre mat\u00e9riel<\/p><\/div><\/div>[\/vc_column_inner][\/vc_row_inner][\/vc_column][\/vc_row][vc_row heading_color=\u00a0\u00bblight\u00a0\u00bb padding_top_multiplier=\u00a0\u00bb\u00a0\u00bb padding_bottom_multiplier=\u00a0\u00bb\u00a0\u00bb font_color=\u00a0\u00bb#ffffff\u00a0\u00bb][vc_column]<div class=\"grve-empty-space grve-height-5x\" style=\"\"><\/div>[\/vc_column][\/vc_row][vc_row heading_color=\u00a0\u00bblight\u00a0\u00bb padding_top_multiplier=\u00a0\u00bb\u00a0\u00bb padding_bottom_multiplier=\u00a0\u00bb\u00a0\u00bb font_color=\u00a0\u00bb#ffffff\u00a0\u00bb][vc_column column_effect=\u00a0\u00bbvertical-parallax\u00a0\u00bb column_effect_limit=\u00a0\u00bb4x\u00a0\u00bb column_effect_invert=\u00a0\u00bbtrue\u00a0\u00bb tablet_portrait_column_effect=\u00a0\u00bb\u00a0\u00bb mobile_column_effect=\u00a0\u00bb\u00a0\u00bb shadow=\u00a0\u00bblarge\u00a0\u00bb css=\u00a0\u00bb.vc_custom_1699536735808{padding-top: 60px !important;padding-right: 30px !important;padding-bottom: 60px !important;padding-left: 30px !important;background-color: #1994ea !important;border-radius: 4px !important;}\u00a0\u00bb][vc_row_inner][vc_column_inner]<div class=\"grve-element grve-box-icon grve-large grve-top-icon grve-align-center\" style=\"\"><div class=\"grve-wrapper-icon grve-no-shape\" style=\"\"><i class=\"grve-text-white et-icon-browser\"><\/i><\/div><div class=\"grve-box-content\"><div class=\"grve-box-title-wrapper\"><h3 class=\"grve-box-title grve-h3\">Cr\u00e9ation de sites internet<\/h3><\/div>  <p class=\"\">Cr\u00e9ation et d\u00e9veloppement de sites web designs et dynamiques sur-mesures.<\/p><\/div><\/div>[\/vc_column_inner][\/vc_row_inner][\/vc_column][\/vc_row][vc_row heading_color=\u00a0\u00bblight\u00a0\u00bb padding_top_multiplier=\u00a0\u00bb\u00a0\u00bb padding_bottom_multiplier=\u00a0\u00bb\u00a0\u00bb font_color=\u00a0\u00bb#ffffff\u00a0\u00bb][vc_column]<div class=\"grve-empty-space grve-height-3x noiPadSpace .noiMobileSpace\" style=\"\"><\/div>[\/vc_column][\/vc_row][vc_row padding_top_multiplier=\u00a0\u00bb2x\u00a0\u00bb padding_bottom_multiplier=\u00a0\u00bb3x\u00a0\u00bb columns_gap=\u00a0\u00bb60&Prime; equal_column_height=\u00a0\u00bbmiddle-content\u00a0\u00bb mobile_equal_column_height=\u00a0\u00bbfalse\u00a0\u00bb][vc_column width=\u00a0\u00bb1\/2&Prime;]<div class=\"grve-element grve-image grve-align-center\" style=\"\">  <div class=\"grve-image-wrapper\"><img loading=\"lazy\" decoding=\"async\" width=\"1100\" height=\"698\" src=\"https:\/\/www.blackbirdee.fr\/prod\/DEPANNEINFORMATIQUE\/wp-content\/uploads\/2023\/11\/Maintenance.png\" class=\"attachment-full size-full\" alt=\"Maintenance Informatique\" srcset=\"https:\/\/www.blackbirdee.fr\/prod\/DEPANNEINFORMATIQUE\/wp-content\/uploads\/2023\/11\/Maintenance.png 1100w, https:\/\/www.blackbirdee.fr\/prod\/DEPANNEINFORMATIQUE\/wp-content\/uploads\/2023\/11\/Maintenance-300x190.png 300w, https:\/\/www.blackbirdee.fr\/prod\/DEPANNEINFORMATIQUE\/wp-content\/uploads\/2023\/11\/Maintenance-1024x650.png 1024w, https:\/\/www.blackbirdee.fr\/prod\/DEPANNEINFORMATIQUE\/wp-content\/uploads\/2023\/11\/Maintenance-768x487.png 768w\" sizes=\"auto, (max-width: 1100px) 100vw, 1100px\" \/>   <\/div><\/div>[\/vc_column][vc_column width=\u00a0\u00bb1\/2&Prime;]<h2 class=\"grve-element grve-title grve-align-left grve-h3\" style=\"\"><span><strong>Maintenance Informatique<\/strong><\/span><\/h2><div class=\"grve-empty-space grve-height-1x\" style=\"\"><\/div>[vc_column_text text_style=\u00a0\u00bbleader-text\u00a0\u00bb]&gt; Installation Windows (XP \/ VISTA \/ SEVEN \/ 8 \/ 8.1 \/ 10 \/ 11).<br \/>\n&gt; Remise en \u00e9tat de votre Windows.<br \/>\n&gt; Nettoyage des VIRUS.<br \/>\n&gt; Mise \u00e0 jour de votre PC et de votre WINDOWS.<br \/>\n&gt; Formatage, d\u00e9pannage PC.<br \/>\n&gt; Sauvegarde de vos donn\u00e9es (si possible&#8230;).<br \/>\n&gt; Installation de votre Box Internet quel que soit votre fournisseur r\u00e9seau.<br \/>\n&gt; Installation de vos p\u00e9riph\u00e9riques (carte graphique , disque dur ou SSD, alimentation, processeur, carte m\u00e8re, ventilateur, watercooling )<br \/>\n&gt; Nettoyage complet de votre PC et changement de la P\u00e2te Thermique.<br \/>\n&gt; Conseil pour l\u2019achat d\u2019un nouvel Ordinateur Multim\u00e9dia ou Gamer ou pour une utilisation de bureautique.<br \/>\n&gt; Montage de PC Gamer, Multim\u00e9dia, Bureautique\u2026<br \/>\n&gt; Cours d\u2019initiation \u00e0 l\u2019informatique\u2026<br \/>\n&gt; Maintenance informatique aux soci\u00e9t\u00e9s[\/vc_column_text][\/vc_column][\/vc_row][vc_row bg_type=\u00a0\u00bbcolor\u00a0\u00bb padding_top_multiplier=\u00a0\u00bb5x\u00a0\u00bb padding_bottom_multiplier=\u00a0\u00bb3x\u00a0\u00bb columns_gap=\u00a0\u00bb60&Prime; equal_column_height=\u00a0\u00bbmiddle-content\u00a0\u00bb mobile_equal_column_height=\u00a0\u00bbfalse\u00a0\u00bb separator_top=\u00a0\u00bbcurve-right-separator\u00a0\u00bb bg_color=\u00a0\u00bb#eff3f6&Prime;][vc_column width=\u00a0\u00bb1\/2&Prime;]<h2 class=\"grve-element grve-title grve-align-left grve-h3\" style=\"\"><span><strong>Gestion de parc informatique<\/strong><\/span><\/h2><div class=\"grve-empty-space grve-height-1x\" style=\"\"><\/div>[vc_column_text text_style=\u00a0\u00bbleader-text\u00a0\u00bb]&gt; Diagnostiquer et assurer la r\u00e9solution d\u2019incidents simples ou complexes jusqu\u2019\u00e0 leur cl\u00f4ture.<br \/>\n&gt; Effectuer des installations, des d\u00e9ploiements ou des d\u00e9pannages des postes utilisateurs ou p\u00e9riph\u00e9riques.<br \/>\n&gt; Assurer le suivi et les attributions des tickets au support ext\u00e9rieur.<br \/>\n&gt; Aider les utilisateurs dans leur usage des outils informatiques (bureautique, syst\u00e8me Windows, messagerie Outlook, Microsoft Office, navigation internet).<br \/>\n&gt; Effectuer la gestion du parc informatique : administration du mat\u00e9riel, des comptes, des messageries, des acc\u00e8s aux ressources, de la livraison de mat\u00e9riels\u2026<br \/>\n&gt; Veiller \u00e0 la s\u00e9curit\u00e9 des postes de travail via des mises \u00e0 jour correctives, des antivirus \u2026<br \/>\n&gt; Participer aux diff\u00e9rents projets assign\u00e9s au service IT.<br \/>\n&gt; Windows 7 \/ Windows 10 \/ Windows 11[\/vc_column_text][\/vc_column][vc_column width=\u00a0\u00bb1\/2&Prime;]<div class=\"grve-element grve-image grve-align-center\" style=\"\">  <div class=\"grve-image-wrapper\"><img loading=\"lazy\" decoding=\"async\" width=\"1100\" height=\"698\" src=\"https:\/\/www.blackbirdee.fr\/prod\/DEPANNEINFORMATIQUE\/wp-content\/uploads\/2023\/11\/GestionParc.png\" class=\"attachment-full size-full\" alt=\"Gestion de parc informatique\" srcset=\"https:\/\/www.blackbirdee.fr\/prod\/DEPANNEINFORMATIQUE\/wp-content\/uploads\/2023\/11\/GestionParc.png 1100w, https:\/\/www.blackbirdee.fr\/prod\/DEPANNEINFORMATIQUE\/wp-content\/uploads\/2023\/11\/GestionParc-300x190.png 300w, https:\/\/www.blackbirdee.fr\/prod\/DEPANNEINFORMATIQUE\/wp-content\/uploads\/2023\/11\/GestionParc-1024x650.png 1024w, https:\/\/www.blackbirdee.fr\/prod\/DEPANNEINFORMATIQUE\/wp-content\/uploads\/2023\/11\/GestionParc-768x487.png 768w\" sizes=\"auto, (max-width: 1100px) 100vw, 1100px\" \/>   <\/div><\/div>[\/vc_column][\/vc_row][vc_row padding_top_multiplier=\u00a0\u00bb2x\u00a0\u00bb padding_bottom_multiplier=\u00a0\u00bb3x\u00a0\u00bb columns_gap=\u00a0\u00bb60&Prime; equal_column_height=\u00a0\u00bbmiddle-content\u00a0\u00bb mobile_equal_column_height=\u00a0\u00bbfalse\u00a0\u00bb][vc_column width=\u00a0\u00bb1\/2&Prime;][vc_single_image image=\u00a0\u00bb16621&Prime; img_size=\u00a0\u00bbfull\u00a0\u00bb alignment=\u00a0\u00bbcenter\u00a0\u00bb onclick=\u00a0\u00bbcustom_link\u00a0\u00bb img_link_target=\u00a0\u00bb_blank\u00a0\u00bb link=\u00a0\u00bbhttps:\/\/blackbirdee.fr\u00a0\u00bb][\/vc_column][vc_column width=\u00a0\u00bb1\/2&Prime;]<h2 class=\"grve-element grve-title grve-align-left grve-h3\" style=\"\"><span><strong>Cr\u00e9ations de sites web<\/strong><\/span><\/h2><div class=\"grve-empty-space grve-height-1x\" style=\"\"><\/div>[vc_column_text text_style=\u00a0\u00bbleader-text\u00a0\u00bb]<\/p>\n<blockquote><p>&gt; Analyse de vos besoins et objectifs, benchmark et r\u00e9flexion collective pour une strat\u00e9gie digitale adapt\u00e9e.<br \/>\n&gt; Design UX\/UI, pour une navigation et une exp\u00e9rience optimale.<br \/>\n<span style=\"font-family: inherit; font-size: inherit; font-style: inherit; font-variant-ligatures: inherit; font-variant-caps: inherit; font-weight: inherit;\">&gt; Cr\u00e9ation ou am\u00e9lioration d\u2019une identit\u00e9 visuelle.<br \/>\n<\/span><span style=\"font-family: inherit; font-size: inherit; font-style: inherit; font-variant-ligatures: inherit; font-variant-caps: inherit; font-weight: inherit;\">&gt; Responsive design pour une visibilit\u00e9 optimale sur tout type d\u2019\u00e9cran.<br \/>\n<\/span><span style=\"font-family: inherit; font-size: inherit; font-style: inherit; font-variant-ligatures: inherit; font-variant-caps: inherit; font-weight: inherit;\">&gt; D\u00e9veloppement sur-mesure (HTML5 \/ CSS3 \/ JQuery)<br \/>\n<\/span><span style=\"font-family: inherit; font-size: inherit; font-style: inherit; font-variant-ligatures: inherit; font-variant-caps: inherit; font-weight: inherit;\">&gt; D\u00e9veloppement de type CMS WordPress hautement personnalis\u00e9.<br \/>\n&gt; Interface de gestion de vos sites internet<br \/>\n<\/span><span style=\"font-family: inherit; font-size: inherit; font-style: inherit; font-variant-ligatures: inherit; font-variant-caps: inherit; font-weight: inherit;\">&gt; SEO : Analyse du contenu de votre projet, optimisation et r\u00e9f\u00e9rencement naturel, indexation optimale sur les moteurs de recherche.<br \/>\n<\/span><span style=\"font-family: inherit; font-size: inherit; font-style: inherit; font-variant-ligatures: inherit; font-variant-caps: inherit; font-weight: inherit;\">&gt; Gestion de vos noms de domaine et h\u00e9bergement sur serveur adapt\u00e9.<br \/>\n<\/span><span style=\"font-family: inherit; font-size: inherit; font-style: inherit; font-variant-ligatures: inherit; font-variant-caps: inherit; font-weight: inherit;\">&gt; Maintenance de vos sites web tout au long de l&rsquo;ann\u00e9e.<br \/>\n&gt; Coaching web<\/span><\/p><\/blockquote>\n<p>[\/vc_column_text][\/vc_column][\/vc_row][vc_row heading_color=\u00a0\u00bblight\u00a0\u00bb bg_type=\u00a0\u00bbimage\u00a0\u00bb bg_image=\u00a0\u00bb18&Prime; font_color=\u00a0\u00bb#ffffff\u00a0\u00bb][vc_column]<h4 class=\"grve-element grve-title grve-align-center grve-h3\" style=\"\"><span>Pour toute assistance ou r\u00e9paration informatique,<br \/>\ncontactez moi au <a href=\"tel:+33609313923\">06 09 31 39 23<\/a><\/span><\/h4>[\/vc_column][\/vc_row][vc_row padding_top_multiplier=\u00a0\u00bb4x\u00a0\u00bb padding_bottom_multiplier=\u00a0\u00bb3x\u00a0\u00bb equal_column_height=\u00a0\u00bbmiddle-content\u00a0\u00bb][vc_column width=\u00a0\u00bb1\/2&Prime;]<div class=\"grve-element grve-image grve-align-center\" style=\"\">  <div class=\"grve-image-wrapper\"><img loading=\"lazy\" decoding=\"async\" width=\"759\" height=\"582\" src=\"https:\/\/www.blackbirdee.fr\/prod\/DEPANNEINFORMATIQUE\/wp-content\/uploads\/2023\/11\/Fiabilite.png\" class=\"attachment-full size-full\" alt=\"service de maintenance\" srcset=\"https:\/\/www.blackbirdee.fr\/prod\/DEPANNEINFORMATIQUE\/wp-content\/uploads\/2023\/11\/Fiabilite.png 759w, https:\/\/www.blackbirdee.fr\/prod\/DEPANNEINFORMATIQUE\/wp-content\/uploads\/2023\/11\/Fiabilite-300x230.png 300w\" sizes=\"auto, (max-width: 759px) 100vw, 759px\" \/>   <\/div><\/div>[\/vc_column][vc_column width=\u00a0\u00bb1\/2&Prime;]<h4 class=\"grve-element grve-title grve-align-left grve-h2\" style=\"\"><span>Garantissez la fiabilit\u00e9 de votre informatique avec mon service de maintenance<\/span><\/h4><div class=\"grve-empty-space grve-height-1x\" style=\"\"><\/div>[vc_column_text text_style=\u00a0\u00bbleader-text\u00a0\u00bb]Je vous propose des contrats de maintenance pour les entreprises et associations pour la maintenance r\u00e9guli\u00e8re de leur mat\u00e9riel informatique.[\/vc_column_text][\/vc_column][\/vc_row][vc_row bg_type=\u00a0\u00bbcolor\u00a0\u00bb padding_top_multiplier=\u00a0\u00bb6x\u00a0\u00bb padding_bottom_multiplier=\u00a0\u00bb4x\u00a0\u00bb separator_top=\u00a0\u00bbcurve-right-separator\u00a0\u00bb bg_color=\u00a0\u00bb#eff3f6&Prime;][vc_column]<h2 class=\"grve-element grve-title grve-align-center grve-h4\" style=\"\"><span>Besoin d&rsquo;une assistance informatique efficace ?<\/span><\/h2><div class=\"grve-empty-space\" style=\"height: 10px;\"><\/div><h2 class=\"grve-element grve-title grve-align-center grve-h2\" style=\"margin-bottom: 60px;\"><span>Faites appel \u00e0 Depanneinformatique !<\/span><\/h2>[\/vc_column][\/vc_row][vc_row section_type=\u00a0\u00bbfullwidth\u00a0\u00bb padding_top_multiplier=\u00a0\u00bb\u00a0\u00bb padding_bottom_multiplier=\u00a0\u00bb\u00a0\u00bb columns_gap=\u00a0\u00bbnone\u00a0\u00bb equal_column_height=\u00a0\u00bbmiddle-content\u00a0\u00bb][vc_column width=\u00a0\u00bb1\/3&Prime; css=\u00a0\u00bb.vc_custom_1477233737218{padding-top: 22% !important;padding-right: 20% !important;padding-bottom: 22% !important;padding-left: 20% !important;}\u00a0\u00bb]<div class=\"grve-empty-space grve-height-2x\" style=\"\"><\/div><h3 class=\"grve-element grve-title grve-align-center grve-h2\" style=\"\"><span>Installations<\/span><\/h3>[vc_column_text][\/vc_column_text]<div class=\"grve-empty-space grve-height-2x\" style=\"\"><\/div>[\/vc_column][vc_column width=\u00a0\u00bb1\/3&Prime; css=\u00a0\u00bb.vc_custom_1699985285362{background-image: url(https:\/\/www.blackbirdee.fr\/prod\/DEPANNEINFORMATIQUE\/wp-content\/uploads\/2023\/11\/DepanneInformatique-Photo4.jpg?id=16294) !important;background-position: center !important;background-repeat: no-repeat !important;background-size: cover !important;}\u00a0\u00bb][\/vc_column][vc_column width=\u00a0\u00bb1\/3&Prime; css=\u00a0\u00bb.vc_custom_1477233885910{padding-top: 22% !important;padding-right: 20% !important;padding-bottom: 22% !important;padding-left: 20% !important;}\u00a0\u00bb]<div class=\"grve-empty-space grve-height-2x\" style=\"\"><\/div><h3 class=\"grve-element grve-title grve-align-center grve-h2\" style=\"\"><span>D\u00e9pannage<\/span><\/h3>[vc_column_text][\/vc_column_text]<div class=\"grve-empty-space grve-height-2x\" style=\"\"><\/div>[\/vc_column][\/vc_row][vc_row section_type=\u00a0\u00bbfullwidth\u00a0\u00bb padding_top_multiplier=\u00a0\u00bb\u00a0\u00bb padding_bottom_multiplier=\u00a0\u00bb\u00a0\u00bb columns_gap=\u00a0\u00bbnone\u00a0\u00bb equal_column_height=\u00a0\u00bbmiddle-content\u00a0\u00bb][vc_column width=\u00a0\u00bb1\/3&Prime; css=\u00a0\u00bb.vc_custom_1699612397577{background-image: url(https:\/\/www.blackbirdee.fr\/prod\/DEPANNEINFORMATIQUE\/wp-content\/uploads\/2023\/11\/DepanneInformatique-Photo3.jpg?id=16293) !important;background-position: center !important;background-repeat: no-repeat !important;background-size: cover !important;}\u00a0\u00bb][\/vc_column][vc_column width=\u00a0\u00bb1\/3&Prime; css=\u00a0\u00bb.vc_custom_1477233737218{padding-top: 22% !important;padding-right: 20% !important;padding-bottom: 22% !important;padding-left: 20% !important;}\u00a0\u00bb]<div class=\"grve-empty-space grve-height-2x\" style=\"\"><\/div><h3 class=\"grve-element grve-title grve-align-center grve-h2\" style=\"\"><span>Maintenance<\/span><\/h3>[vc_column_text][\/vc_column_text]<div class=\"grve-empty-space grve-height-2x\" style=\"\"><\/div>[\/vc_column][vc_column width=\u00a0\u00bb1\/3&Prime; css=\u00a0\u00bb.vc_custom_1699612450085{background-image: url(https:\/\/www.blackbirdee.fr\/prod\/DEPANNEINFORMATIQUE\/wp-content\/uploads\/2023\/11\/DepanneInformatique-Photo8.jpg?id=16297) !important;background-position: center !important;background-repeat: no-repeat !important;background-size: cover !important;}\u00a0\u00bb][\/vc_column][\/vc_row][vc_row section_type=\u00a0\u00bbfullwidth\u00a0\u00bb padding_top_multiplier=\u00a0\u00bb\u00a0\u00bb padding_bottom_multiplier=\u00a0\u00bb\u00a0\u00bb columns_gap=\u00a0\u00bbnone\u00a0\u00bb equal_column_height=\u00a0\u00bbmiddle-content\u00a0\u00bb][vc_column width=\u00a0\u00bb1\/3&Prime; css=\u00a0\u00bb.vc_custom_1477233737218{padding-top: 22% !important;padding-right: 20% !important;padding-bottom: 22% !important;padding-left: 20% !important;}\u00a0\u00bb]<div class=\"grve-empty-space grve-height-2x\" style=\"\"><\/div><h3 class=\"grve-element grve-title grve-align-center grve-h2\" style=\"\"><span>Solutions<\/span><\/h3>[vc_column_text][\/vc_column_text]<div class=\"grve-empty-space grve-height-2x\" style=\"\"><\/div>[\/vc_column][vc_column width=\u00a0\u00bb1\/3&Prime; css=\u00a0\u00bb.vc_custom_1699528949221{background-image: url(https:\/\/www.blackbirdee.fr\/prod\/DEPANNEINFORMATIQUE\/wp-content\/uploads\/2023\/11\/MontagePC.png?id=16209) !important;background-position: center !important;background-repeat: no-repeat !important;background-size: contain !important;}\u00a0\u00bb][\/vc_column][vc_column width=\u00a0\u00bb1\/3&Prime; css=\u00a0\u00bb.vc_custom_1477233885910{padding-top: 22% !important;padding-right: 20% !important;padding-bottom: 22% !important;padding-left: 20% !important;}\u00a0\u00bb]<div class=\"grve-empty-space grve-height-2x\" style=\"\"><\/div><h3 class=\"grve-element grve-title grve-align-center grve-h2\" style=\"\"><span>R\u00e9paration<\/span><\/h3>[vc_column_text][\/vc_column_text]<div class=\"grve-empty-space grve-height-2x\" style=\"\"><\/div>[\/vc_column][\/vc_row][vc_row heading_color=\u00a0\u00bblight\u00a0\u00bb bg_type=\u00a0\u00bbimage\u00a0\u00bb bg_image=\u00a0\u00bb101&Prime; padding_top_multiplier=\u00a0\u00bb5x\u00a0\u00bb padding_bottom_multiplier=\u00a0\u00bb5x\u00a0\u00bb font_color=\u00a0\u00bb#ffffff\u00a0\u00bb][vc_column]<h4 class=\"grve-element grve-title grve-align-center grve-h4\" style=\"\"><span>Informatique en difficult\u00e9 ?<\/span><\/h4><div class=\"grve-empty-space grve-height-1x\" style=\"\"><\/div><h2 class=\"grve-element grve-title grve-align-center grve-h2\" style=\"\"><span>D\u00e9panneInformatique<\/span><\/h2>[vc_column_text text_style=\u00a0\u00bbleader-text\u00a0\u00bb css=\u00a0\u00bb.vc_custom_1699466648829{padding-bottom: 30px !important;}\u00a0\u00bb]<\/p>\n<p style=\"text-align: center;\">Vous ne pouvez pas vous permettre d&rsquo;attendre pour une r\u00e9paration informatique ?<br \/>\nJe vous offre une assistance rapide et efficace pour tous vos besoins informatiques.<\/p>\n<p>[\/vc_column_text]<div class=\"grve-element grve-align-center\"><a href=\"\/contact\" class=\"grve-btn grve-btn-medium grve-shadow-large grve-round grve-bg-white grve-bg-hover-primary-2\"><span>Contactez moi !<\/span><\/a><\/div>[\/vc_column][\/vc_row]<\/p>\n<\/div>","protected":false},"excerpt":{"rendered":"<p>[vc_row heading_color=\u00a0\u00bblight\u00a0\u00bb bg_type=\u00a0\u00bbimage\u00a0\u00bb bg_image=\u00a0\u00bb107&Prime; padding_top_multiplier=\u00a0\u00bb6x\u00a0\u00bb padding_bottom_multiplier=\u00a0\u00bb6x\u00a0\u00bb font_color=\u00a0\u00bb#ffffff\u00a0\u00bb][vc_column width=\u00a0\u00bb2\/3&Prime;][vc_column_text text_style=\u00a0\u00bbleader-text\u00a0\u00bb]Votre ordinateur est en panne ? Un probl\u00e8me de r\u00e9seau ? Des virus ou logiciels malveillants ? Je peux vous aider ![\/vc_column_text][\/vc_column][vc_column width=\u00a0\u00bb1\/3&Prime;][\/vc_column][\/vc_row][vc_row heading_color=\u00a0\u00bblight\u00a0\u00bb padding_top_multiplier=\u00a0\u00bb\u00a0\u00bb padding_bottom_multiplier=\u00a0\u00bb\u00a0\u00bb font_color=\u00a0\u00bb#ffffff\u00a0\u00bb][vc_column column_effect=\u00a0\u00bbvertical-parallax\u00a0\u00bb column_effect_limit=\u00a0\u00bb4x\u00a0\u00bb column_effect_invert=\u00a0\u00bbtrue\u00a0\u00bb tablet_portrait_column_effect=\u00a0\u00bb\u00a0\u00bb mobile_column_effect=\u00a0\u00bb\u00a0\u00bb shadow=\u00a0\u00bblarge\u00a0\u00bb css=\u00a0\u00bb.vc_custom_1699536735808{padding-top: 60px !important;padding-right: 30px !important;padding-bottom: 60px !important;padding-left: 30px !important;background-color: #1994ea !important;border-radius: 4px !important;}\u00a0\u00bb][vc_row_inner][vc_column_inner width=\u00a0\u00bb1\/3&Prime; [&hellip;]<\/p>\n","protected":false},"author":2,"featured_media":0,"parent":0,"menu_order":0,"comment_status":"closed","ping_status":"closed","template":"","meta":{"footnotes":""},"class_list":["post-7","page","type-page","status-publish","hentry"],"_links":{"self":[{"href":"https:\/\/www.blackbirdee.fr\/prod\/DEPANNEINFORMATIQUE\/wp-json\/wp\/v2\/pages\/7","targetHints":{"allow":["GET"]}}],"collection":[{"href":"https:\/\/www.blackbirdee.fr\/prod\/DEPANNEINFORMATIQUE\/wp-json\/wp\/v2\/pages"}],"about":[{"href":"https:\/\/www.blackbirdee.fr\/prod\/DEPANNEINFORMATIQUE\/wp-json\/wp\/v2\/types\/page"}],"author":[{"embeddable":true,"href":"https:\/\/www.blackbirdee.fr\/prod\/DEPANNEINFORMATIQUE\/wp-json\/wp\/v2\/users\/2"}],"replies":[{"embeddable":true,"href":"https:\/\/www.blackbirdee.fr\/prod\/DEPANNEINFORMATIQUE\/wp-json\/wp\/v2\/comments?post=7"}],"version-history":[{"count":131,"href":"https:\/\/www.blackbirdee.fr\/prod\/DEPANNEINFORMATIQUE\/wp-json\/wp\/v2\/pages\/7\/revisions"}],"predecessor-version":[{"id":16638,"href":"https:\/\/www.blackbirdee.fr\/prod\/DEPANNEINFORMATIQUE\/wp-json\/wp\/v2\/pages\/7\/revisions\/16638"}],"wp:attachment":[{"href":"https:\/\/www.blackbirdee.fr\/prod\/DEPANNEINFORMATIQUE\/wp-json\/wp\/v2\/media?parent=7"}],"curies":[{"name":"wp","href":"https:\/\/api.w.org\/{rel}","templated":true}]}}