{"id":3,"date":"2022-04-15T16:24:55","date_gmt":"2022-04-15T14:24:55","guid":{"rendered":"https:\/\/www.blackbirdee.fr\/prod\/LALTERNATIVE\/?page_id=3"},"modified":"2024-10-04T15:25:19","modified_gmt":"2024-10-04T13:25:19","slug":"mentions-legales","status":"publish","type":"page","link":"https:\/\/www.blackbirdee.fr\/prod\/LALTERNATIVE\/mentions-legales\/","title":{"rendered":"Mentions L\u00e9gales"},"content":{"rendered":"<div class=\"wpb-content-wrapper\"><p>[vc_row padding_top_multiplier=\u00a0\u00bb2x\u00a0\u00bb padding_bottom_multiplier=\u00a0\u00bb2x\u00a0\u00bb columns_gap=\u00a0\u00bbnone\u00a0\u00bb][vc_column heading_color=\u00a0\u00bbprimary-1&Prime; css=\u00a0\u00bb.vc_custom_1588183834016{margin-top: -30px !important;}\u00a0\u00bb]<div class=\"grve-empty-space grve-height-4x mobileSpace1\" style=\"\"><\/div><h1 class=\"grve-element grve-title grve-align-left grve-h2 grve-increase-heading grve-heading-140\" style=\"\"><span><br>\n<strong>Mentions l\u00e9gales<\/strong><br>\n<\/span><\/h1>[\/vc_column][\/vc_row][vc_row padding_top_multiplier=\u00a0\u00bb\u00a0\u00bb columns_gap=\u00a0\u00bbnone\u00a0\u00bb][vc_column]<div class=\"grve-element grve-title grve-align-left grve-h2\" style=\"\"><span><strong>Identification<\/strong><\/span><\/div><div class=\"grve-empty-space\" style=\"height: 15px;\"><\/div>[vc_column_text text_style=\u00a0\u00bbsubtitle\u00a0\u00bb]<\/p>\n<p>Site <a href=\"https:\/\/www.lalternative.paris\"><strong>www.lalternative.paris<\/strong><\/a><br \/>\nPublication : <strong>BRAND BASE &#8211; 36 rue des Je\u00fbneurs &#8211; 75002<\/strong><strong><br \/>\n<\/strong><\/p>\n<p>[\/vc_column_text][\/vc_column][\/vc_row][vc_row padding_top_multiplier=\u00a0\u00bb\u00a0\u00bb columns_gap=\u00a0\u00bbnone\u00a0\u00bb][vc_column]<div class=\"grve-element grve-title grve-align-left grve-h2\" style=\"\"><span><strong>Utilisation du site &#8211; Conditions g\u00e9n\u00e9rales<\/strong><\/span><\/div><div class=\"grve-empty-space\" style=\"height: 15px;\"><\/div>[vc_column_text text_style=\u00a0\u00bbsubtitle\u00a0\u00bb]L&rsquo;Utilisateur est d\u00e9fini comme toute personne ayant acc\u00e8s au site, quels que soient sa qualit\u00e9 (particulier ou professionnel), le lieu o\u00f9 elle se trouve, les modalit\u00e9s de connexion au site, l&rsquo;objet et la finalit\u00e9 de son acc\u00e8s \u00e0 l&rsquo;information publi\u00e9e sur le site. L&rsquo;Utilisateur ne saurait se pr\u00e9valoir d&rsquo;aucune difficult\u00e9 d&rsquo;acc\u00e8s au Site pour acc\u00e9der \u00e0 l&rsquo;information en fraude des pr\u00e9sentes Conditions G\u00e9n\u00e9rales d&rsquo;Utilisation. Les r\u00e9clamations de l&rsquo;Utilisateur devront \u00eatre adress\u00e9es \u00e0 la soci\u00e9t\u00e9 par la voie postale uniquement pour pouvoir \u00eatre prises en compte sous la forme recommand\u00e9e avec accus\u00e9 de r\u00e9ception \u00e0 l&rsquo;adresse indiqu\u00e9e en pr\u00e9ambule. La reproduction de tout ou partie de ce site sur un support quel qu&rsquo;il soit, est formellement interdite sauf autorisation expresse de <strong>BRAND BASE<\/strong>\u00a0et notamment :<\/p>\n<ul>\n<li>toute extraction ou r\u00e9utilisation, y compris \u00e0 des fins priv\u00e9es, d&rsquo;une partie substantielle du contenu des bases de donn\u00e9es constitu\u00e9es par le site ;<\/li>\n<li>toute extraction ou r\u00e9utilisation, r\u00e9p\u00e9t\u00e9e et syst\u00e9matique, y compris \u00e0 des fins priv\u00e9es, d&rsquo;une partie m\u00eame non substantielle du contenu des bases de donn\u00e9es constitu\u00e9es par le site ;<\/li>\n<li>toute adaptation, mise \u00e0 disposition du public \u00e0 sa demande ou non, distribution, rediffusion sous quelque forme que ce soit, mise en r\u00e9seau, communication publique de tout ou partie des oeuvres, prestations, marques et tous \u00e9l\u00e9ments prot\u00e9g\u00e9s ou susceptibles de protection par le droit de la propri\u00e9t\u00e9 intellectuelle reproduits sur le site.<\/li>\n<\/ul>\n<p>[\/vc_column_text][\/vc_column][\/vc_row][vc_row padding_top_multiplier=\u00a0\u00bb\u00a0\u00bb columns_gap=\u00a0\u00bbnone\u00a0\u00bb][vc_column]<div class=\"grve-element grve-title grve-align-left grve-h2\" style=\"\"><span><strong>Propri\u00e9t\u00e9 intellectuelle<\/strong><\/span><\/div><div class=\"grve-empty-space\" style=\"height: 15px;\"><\/div>[vc_column_text text_style=\u00a0\u00bbsubtitle\u00a0\u00bb]L&rsquo;ensemble des \u00e9l\u00e9ments constituant ce site (textes, graphismes, logiciels, images, sons, plans, noms, marques, logos, base de donn\u00e9es, etc.) ainsi que le site lui-m\u00eame sont la propri\u00e9t\u00e9 exclusive de <strong>BRAND BASE<\/strong> ou de ses partenaires et rel\u00e8vent des l\u00e9gislations fran\u00e7aises et internationales sur le droit d&rsquo;auteur et la propri\u00e9t\u00e9 intellectuelle. L&rsquo;Utilisateur s&rsquo;interdit de modifier, copier, reproduire, t\u00e9l\u00e9charger, diffuser, transmettre, exploiter commercialement et\/ou distribuer de quelque fa\u00e7on que ce soit les services et les pages, les textes, les photos du site. La mise en place de liens hypertextes d&rsquo;un site vers \u00ab www.timetoshare.fr \u00bb n\u00e9cessite \u00e9galement l&rsquo;accord express pr\u00e9alable de la soci\u00e9t\u00e9. La soci\u00e9t\u00e9 peut \u00e0 tout moment modifier les termes des pr\u00e9sentes Conditions G\u00e9n\u00e9rales d&rsquo;Utilisation. Ces modifications engagent l&rsquo;Utilisateur d\u00e8s leur mise en ligne. Il est en cons\u00e9quence recommand\u00e9 \u00e0 l&rsquo;Utilisateur de consulter r\u00e9guli\u00e8rement les Conditions G\u00e9n\u00e9rales d&rsquo;Utilisation afin de prendre connaissance de ces nouvelles conditions.[\/vc_column_text][\/vc_column][\/vc_row][vc_row padding_top_multiplier=\u00a0\u00bb\u00a0\u00bb columns_gap=\u00a0\u00bbnone\u00a0\u00bb][vc_column]<div class=\"grve-element grve-title grve-align-left grve-h2\" style=\"\"><span><strong>Donn\u00e9es personnelles<\/strong><\/span><\/div><div class=\"grve-empty-space\" style=\"height: 15px;\"><\/div>[vc_column_text text_style=\u00a0\u00bbsubtitle\u00a0\u00bb]La soci\u00e9t\u00e9 peut \u00eatre amen\u00e9e \u00e0 collecter un certain nombre de donn\u00e9es personnelles. En application des dispositions de la loi n\u00b0 78-17 du 6 janvier 1978 dite \u00ab\u00a0Informatique et Libert\u00e9s\u00a0\u00bb modifi\u00e9e, l&rsquo;Utilisateur dispose des droits d&rsquo;acc\u00e8s, de modification, de rectification et de suppression des donn\u00e9es le concernant. L&rsquo;exercice de ces droits s&rsquo;effectue \u00e0 tout moment par la voie postale ou \u00e9lectronique directement aupr\u00e8s de la soci\u00e9t\u00e9 \u00e0 l&rsquo;adresse indiqu\u00e9e en pr\u00e9ambule.[\/vc_column_text][\/vc_column][\/vc_row][vc_row padding_top_multiplier=\u00a0\u00bb\u00a0\u00bb columns_gap=\u00a0\u00bbnone\u00a0\u00bb][vc_column]<div class=\"grve-element grve-title grve-align-left grve-h2\" style=\"\"><span><strong>Cookies<\/strong><\/span><\/div><div class=\"grve-empty-space\" style=\"height: 15px;\"><\/div>[vc_column_text text_style=\u00a0\u00bbsubtitle\u00a0\u00bb]L&rsquo;Utilisateur est inform\u00e9 que lors de ses visites sur le site, un cookie peut s&rsquo;installer automatiquement et \u00eatre conserv\u00e9 temporairement en m\u00e9moire ou sur son disque dur. Un cookie est un \u00e9l\u00e9ment qui ne permet pas d&rsquo;identifier l&rsquo;Utilisateur mais sert \u00e0 l&rsquo;enregistrement des informations relatives \u00e0 la navigation de celui-ci sur le site internet. Les Utilisateurs du site reconnaissent avoir \u00e9t\u00e9 inform\u00e9s de cette pratique et autorisent la soci\u00e9t\u00e9 \u00e0 l&#8217;employer. Ils pourront d\u00e9sactiver ce cookie par l&rsquo;interm\u00e9diaire des param\u00e8tres figurant au sein de leur logiciel de navigation.[\/vc_column_text][\/vc_column][\/vc_row][vc_row padding_top_multiplier=\u00a0\u00bb\u00a0\u00bb columns_gap=\u00a0\u00bbnone\u00a0\u00bb][vc_column]<div class=\"grve-element grve-title grve-align-left grve-h2\" style=\"\"><span><strong>Responsabilit\u00e9<\/strong><\/span><\/div><div class=\"grve-empty-space\" style=\"height: 15px;\"><\/div>[vc_column_text text_style=\u00a0\u00bbsubtitle\u00a0\u00bb]L&rsquo;Utilisateur est inform\u00e9 des risques inh\u00e9rents \u00e0 l&rsquo;Internet, tout particuli\u00e8rement en termes de :<\/p>\n<ul>\n<li>d\u00e9faut de s\u00e9curit\u00e9 dans la transmission des donn\u00e9es;<\/li>\n<li>continuit\u00e9 non garantie dans l&rsquo;acc\u00e8s au site ou aux diff\u00e9rents services offerts par le site.<\/li>\n<\/ul>\n<p>En aucun cas, <strong>BRAND BASE<\/strong> ne saurait \u00eatre tenue responsable de ces risques et de leurs cons\u00e9quences, pr\u00e9judiciables, quelle qu&rsquo;en soit l&rsquo;\u00e9tendue, pour l&rsquo;Utilisateur. Chaque Utilisateur est tenu de prendre toutes les mesures appropri\u00e9es de fa\u00e7on \u00e0 prot\u00e9ger ses propres donn\u00e9es, logiciels et mat\u00e9riels de la contamination par des virus ou autres formes d&rsquo;attaques circulant \u00e9ventuellement \u00e0 travers le Site ou les informations publi\u00e9es. L&rsquo;Utilisateur accepte de supporter les risques d&rsquo;indisponibilit\u00e9 du serveur. <strong>BRAND BASE <\/strong>ne peut \u00eatre tenu pour responsable, en cas d&rsquo;interruption du site \u00e0 tout moment pour modifier ou interrompre temporairement ou de fa\u00e7on permanente tout ou partie du site pour effectuer des op\u00e9rations d&rsquo;entretien ou de maintenance et\/ou effectuer des am\u00e9liorations et\/ou des modifications sur le site. Plus g\u00e9n\u00e9ralement, <strong>BRAND BASE<\/strong> ne pourra \u00eatre en aucun cas responsable en cas de dommages directs et\/ou indirects r\u00e9sultant de l&rsquo;utilisation de ce site.[\/vc_column_text][\/vc_column][\/vc_row][vc_row padding_top_multiplier=\u00a0\u00bb\u00a0\u00bb columns_gap=\u00a0\u00bbnone\u00a0\u00bb][vc_column]<div class=\"grve-element grve-title grve-align-left grve-h2\" style=\"\"><span><strong>Loi applicable et comp\u00e9tence juridictionnelle<\/strong><\/span><\/div><div class=\"grve-empty-space\" style=\"height: 15px;\"><\/div>[vc_column_text text_style=\u00a0\u00bbsubtitle\u00a0\u00bb]Le non respect par l&rsquo;Utilisateur, quelle que soit sa localisation, de l&rsquo;une quelconque des dispositions des pr\u00e9sentes Conditions G\u00e9n\u00e9rales d&rsquo;Utilisation et de fa\u00e7on plus g\u00e9n\u00e9rale toute difficult\u00e9 touchant \u00e0 son ex\u00e9cution, son interpr\u00e9tation ou sa validit\u00e9, sont soumis \u00e0 la loi Fran\u00e7aise et aux juridictions fran\u00e7aises.[\/vc_column_text][\/vc_column][\/vc_row][vc_row padding_top_multiplier=\u00a0\u00bb\u00a0\u00bb columns_gap=\u00a0\u00bbnone\u00a0\u00bb][vc_column]<div class=\"grve-element grve-title grve-align-left grve-h2\" style=\"\"><span><strong>H\u00e9bergement du site<\/strong><\/span><\/div><div class=\"grve-empty-space\" style=\"height: 15px;\"><\/div>[vc_column_text text_style=\u00a0\u00bbsubtitle\u00a0\u00bb]Le site est h\u00e9berg\u00e9 par la soci\u00e9t\u00e9 1&amp;1 IONOS SARL au capital de 100 000 \u20ac<br \/>\n7, place de la Gare 57201 Sarreguemines Cedex[\/vc_column_text][\/vc_column][\/vc_row][vc_row padding_top_multiplier=\u00a0\u00bb\u00a0\u00bb columns_gap=\u00a0\u00bbnone\u00a0\u00bb][vc_column]<div class=\"grve-element grve-title grve-align-left grve-h2\" style=\"\"><span><strong>Cr\u00e9ation web digitale<\/strong><\/span><\/div><div class=\"grve-empty-space\" style=\"height: 15px;\"><\/div>[vc_column_text text_style=\u00a0\u00bbsubtitle\u00a0\u00bb]<strong>blackbirdee <span style=\"color: #f9224b;\">\u2022<\/span><br \/>\n<a href=\"https:\/\/www.blackbirdee.fr\">www.blackbirdee.fr<\/a><\/strong>[\/vc_column_text][\/vc_column][\/vc_row]<\/p>\n<\/div>","protected":false},"excerpt":{"rendered":"<p>[vc_row padding_top_multiplier=\u00a0\u00bb2x\u00a0\u00bb padding_bottom_multiplier=\u00a0\u00bb2x\u00a0\u00bb columns_gap=\u00a0\u00bbnone\u00a0\u00bb][vc_column heading_color=\u00a0\u00bbprimary-1&Prime; css=\u00a0\u00bb.vc_custom_1588183834016{margin-top: -30px !important;}\u00a0\u00bb][\/vc_column][\/vc_row][vc_row padding_top_multiplier=\u00a0\u00bb\u00a0\u00bb columns_gap=\u00a0\u00bbnone\u00a0\u00bb][vc_column][vc_column_text text_style=\u00a0\u00bbsubtitle\u00a0\u00bb] Site www.lalternative.paris Publication : BRAND BASE &#8211; 36 rue des Je\u00fbneurs &#8211; 75002 [\/vc_column_text][\/vc_column][\/vc_row][vc_row padding_top_multiplier=\u00a0\u00bb\u00a0\u00bb columns_gap=\u00a0\u00bbnone\u00a0\u00bb][vc_column][vc_column_text text_style=\u00a0\u00bbsubtitle\u00a0\u00bb]L&rsquo;Utilisateur est d\u00e9fini comme toute personne ayant acc\u00e8s au site, quels que soient sa qualit\u00e9 (particulier ou professionnel), le lieu o\u00f9 elle se trouve, les modalit\u00e9s de connexion [&hellip;]<\/p>\n","protected":false},"author":5,"featured_media":0,"parent":0,"menu_order":0,"comment_status":"closed","ping_status":"open","template":"","meta":{"footnotes":""},"class_list":["post-3","page","type-page","status-publish","hentry"],"_links":{"self":[{"href":"https:\/\/www.blackbirdee.fr\/prod\/LALTERNATIVE\/wp-json\/wp\/v2\/pages\/3","targetHints":{"allow":["GET"]}}],"collection":[{"href":"https:\/\/www.blackbirdee.fr\/prod\/LALTERNATIVE\/wp-json\/wp\/v2\/pages"}],"about":[{"href":"https:\/\/www.blackbirdee.fr\/prod\/LALTERNATIVE\/wp-json\/wp\/v2\/types\/page"}],"author":[{"embeddable":true,"href":"https:\/\/www.blackbirdee.fr\/prod\/LALTERNATIVE\/wp-json\/wp\/v2\/users\/5"}],"replies":[{"embeddable":true,"href":"https:\/\/www.blackbirdee.fr\/prod\/LALTERNATIVE\/wp-json\/wp\/v2\/comments?post=3"}],"version-history":[{"count":20,"href":"https:\/\/www.blackbirdee.fr\/prod\/LALTERNATIVE\/wp-json\/wp\/v2\/pages\/3\/revisions"}],"predecessor-version":[{"id":546,"href":"https:\/\/www.blackbirdee.fr\/prod\/LALTERNATIVE\/wp-json\/wp\/v2\/pages\/3\/revisions\/546"}],"wp:attachment":[{"href":"https:\/\/www.blackbirdee.fr\/prod\/LALTERNATIVE\/wp-json\/wp\/v2\/media?parent=3"}],"curies":[{"name":"wp","href":"https:\/\/api.w.org\/{rel}","templated":true}]}}