{"id":1351,"date":"2019-06-14T13:03:05","date_gmt":"2019-06-14T11:03:05","guid":{"rendered":"https:\/\/netopie.fr\/?page_id=1351"},"modified":"2019-06-14T17:45:30","modified_gmt":"2019-06-14T15:45:30","slug":"solution-serveurs-mac","status":"publish","type":"page","link":"https:\/\/www.blackbirdee.fr\/prod\/NETOPIE\/solution-serveurs-mac\/","title":{"rendered":"Solution Netopie \u2022 Serveurs Mac"},"content":{"rendered":"<div class=\"wpb-content-wrapper\"><p>[vc_row padding_top_multiplier=\u00a0\u00bb6x\u00a0\u00bb padding_bottom_multiplier=\u00a0\u00bb\u00a0\u00bb columns_gap=\u00a0\u00bbnone\u00a0\u00bb el_class=\u00a0\u00bbsolutionsSection\u00a0\u00bb][vc_column][vc_single_image image=\u00a0\u00bb872&Prime; img_size=\u00a0\u00bb\u00a0\u00bb alignment=\u00a0\u00bbcenter\u00a0\u00bb onclick=\u00a0\u00bbcustom_link\u00a0\u00bb]<h1 class=\"grve-element grve-title grve-align-center grve-h1 titreSolutions\" style=\"\"><span>Serveurs Mac<\/span><\/h1><h2 class=\"grve-element grve-title grve-align-center grve-h5 grve-increase-heading grve-heading-180\" style=\"\"><span>Int\u00e9gration de serveurs<\/span><\/h2><div class=\"grve-empty-space grve-height-1x\" style=\"\"><\/div>[vc_column_text el_class=\u00a0\u00bbtextSolutions\u00a0\u00bb]Int\u00e9gration et maintenance des serveurs Mac.<\/p>\n<p>Netopie r\u00e9alise l\u2019\u00e9tude, l\u2019installation et l\u2019int\u00e9gration de votre serveur au sein de votre architecture r\u00e9seau. Nos \u00e9quipes interviennent de la conception \u00e0 l\u2019administration de votre serveur, et vous guident afin que la solution retenue s\u2019int\u00e8gre parfaitement dans votre environnement et respecte vos imp\u00e9ratifs m\u00e9tier.<br \/>\nVoici les diff\u00e9rentes missions que nous avons l\u2019habitude d\u2019assurer :[\/vc_column_text][vc_column_text el_class=\u00a0\u00bbtextPucesSolutions\u00a0\u00bb]\u2013 installation et param\u00e9trage du syst\u00e8me d\u2019exploitation<br \/>\n\u2013 installation et param\u00e9trage des r\u00f4les du serveur (OD, fichiers, calendrier, contacts, DHCP, DNS, VPN, SUS, netboot, deploystudio, casper suite, etc\u2026)<br \/>\n\u2013 gestion de votre domaine sous \u00ab\u00a0open directory\u00a0\u00bb<br \/>\n\u2013 cr\u00e9ation et param\u00e9trage des utilisateurs<br \/>\n\u2013 gestion des partages et de la s\u00e9curit\u00e9<br \/>\n\u2013 contr\u00f4le des \u00e9v\u00e8nements OS (logs)<br \/>\n\u2013 param\u00e9trage des connexions \u00e0 distance<br \/>\n\u2013 contr\u00f4le de l\u2019espace disque<br \/>\n\u2013 param\u00e9trage et v\u00e9rifications des t\u00e2ches de sauvegarde automatis\u00e9es<br \/>\n\u2013 passage et contr\u00f4le des mises \u00e0 jour OS et applicatives<br \/>\n\u2013 actions correctives diverses[\/vc_column_text]<div class=\"grve-empty-space grve-height-2x\" style=\"\"><\/div><h4 class=\"grve-element grve-title grve-align-left grve-h5 titreCertificationsSolutions\" style=\"\"><span>Nos certifications :<\/span><\/h4>[vc_row_inner][vc_column_inner width=\u00a0\u00bb1\/3&Prime;]<div class=\"grve-element grve-box-icon grve-extra-small grve-side-icon grve-align-left icoCertificationsSolutions\" style=\"\"><div class=\"grve-image-icon\"><img loading=\"lazy\" decoding=\"async\" width=\"42\" height=\"49\" src=\"https:\/\/www.blackbirdee.fr\/prod\/NETOPIE\/wp-content\/uploads\/2019\/04\/IcoSolutions-Apple.png\" class=\"attachment-full size-full\" alt=\"Solutions Apple\" \/><\/div><div class=\"grve-box-content\">  <p class=\"\">Certified<br \/>\nTrainer<\/p><\/div><\/div>[\/vc_column_inner][vc_column_inner width=\u00a0\u00bb1\/3&Prime;]<div class=\"grve-element grve-box-icon grve-extra-small grve-side-icon grve-align-left icoCertificationsSolutions\" style=\"\"><div class=\"grve-image-icon\"><img loading=\"lazy\" decoding=\"async\" width=\"42\" height=\"49\" src=\"https:\/\/www.blackbirdee.fr\/prod\/NETOPIE\/wp-content\/uploads\/2019\/04\/IcoSolutions-Apple.png\" class=\"attachment-full size-full\" alt=\"Solutions Apple\" \/><\/div><div class=\"grve-box-content\">  <p class=\"\">Certified<br \/>\nTechnical coordinator 10.8<\/p><\/div><\/div>[\/vc_column_inner][vc_column_inner width=\u00a0\u00bb1\/3&Prime;][\/vc_column_inner][\/vc_row_inner]<div class=\"grve-empty-space grve-height-6x\" style=\"\"><\/div>[\/vc_column][\/vc_row][vc_row bg_type=\u00a0\u00bbcolor\u00a0\u00bb padding_top_multiplier=\u00a0\u00bb\u00a0\u00bb padding_bottom_multiplier=\u00a0\u00bb\u00a0\u00bb columns_gap=\u00a0\u00bbnone\u00a0\u00bb bg_color=\u00a0\u00bb#ffffff\u00a0\u00bb section_id=\u00a0\u00bbsolutions\u00a0\u00bb][vc_column][vc_row_inner][vc_column_inner width=\u00a0\u00bb1\/2&Prime; el_wrapper_class=\u00a0\u00bbmenuSolutions-Title\u00a0\u00bb]<h2 class=\"grve-element grve-title grve-align-left grve-h1 grve-increase-heading grve-heading-250\" style=\"\"><span><span style=\"color: black;\">Solutions<\/span><\/span><\/h2>[vc_column_text el_id=\u00a0\u00bbdescMenuSolutions\u00a0\u00bb]<\/p>\n<h5 style=\"text-align: left; color: black;\">Comment pouvons-nous<br \/>\nvous sauver la mise aujourd\u2019hui ?<\/h5>\n<p>[\/vc_column_text]<div class=\"grve-empty-space grve-height-2x\" style=\"\"><\/div>[\/vc_column_inner][vc_column_inner width=\u00a0\u00bb1\/4&Prime; css=\u00a0\u00bb.vc_custom_1560266074986{background-color: #34108d !important;}\u00a0\u00bb el_wrapper_class=\u00a0\u00bbmenuSolutions-Case\u00a0\u00bb el_id=\u00a0\u00bbmenuSolutions-Case1&Prime; el_class=\u00a0\u00bbmenuSolutionsLink\u00a0\u00bb][vc_single_image image=\u00a0\u00bb845&Prime; img_size=\u00a0\u00bb\u00a0\u00bb alignment=\u00a0\u00bbcenter\u00a0\u00bb]<h3 class=\"grve-element grve-title grve-align-center grve-h2\" style=\"\"><span><br>\n<p style=\"color: white; text-align: center;\">Services Manag\u00e9s (MSP)<br>\n<\/span><\/h3><h4 class=\"grve-element grve-title grve-align-center grve-h6 menuSolutionsArgumentText\" style=\"\"><span><span style=\"color: white;\">\u00a0D\u00e9l\u00e9guer la gestion et l&rsquo;administration de vos \u00e9quipements, une nouvelle DSI?<\/span><\/span><\/h4>[\/vc_column_inner][vc_column_inner width=\u00a0\u00bb1\/4&Prime; el_wrapper_class=\u00a0\u00bbmenuSolutions-Case\u00a0\u00bb el_id=\u00a0\u00bbmenuSolutions-Case2&Prime; css=\u00a0\u00bb.vc_custom_1554921729967{background-color: #ffffff !important;}\u00a0\u00bb el_class=\u00a0\u00bbmenuSolutionsLink\u00a0\u00bb][vc_single_image image=\u00a0\u00bb847&Prime; img_size=\u00a0\u00bb\u00a0\u00bb alignment=\u00a0\u00bbcenter\u00a0\u00bb]<h3 class=\"grve-element grve-title grve-align-center grve-h2\" style=\"\"><span><br>\n<p style=\"color: black;\">EMM &amp; MDM<br>\n<\/span><\/h3><h4 class=\"grve-element grve-title grve-align-center grve-h6 menuSolutionsArgumentText\" style=\"\"><span><span style=\"color: black;\">Jamf Pro, Jamf Connect, et les outils modernes de gestion des macOS et iOS<\/span><\/span><\/h4>[\/vc_column_inner][\/vc_row_inner][vc_row_inner][vc_column_inner width=\u00a0\u00bb1\/4&Prime; el_wrapper_class=\u00a0\u00bbmenuSolutions-Case\u00a0\u00bb css=\u00a0\u00bb.vc_custom_1560266055333{background-color: #34108d !important;}\u00a0\u00bb el_id=\u00a0\u00bbmenuSolutions-Case3&Prime; el_class=\u00a0\u00bbmenuSolutionsLink\u00a0\u00bb][vc_single_image image=\u00a0\u00bb867&Prime; img_size=\u00a0\u00bb\u00a0\u00bb alignment=\u00a0\u00bbcenter\u00a0\u00bb]<h3 class=\"grve-element grve-title grve-align-center grve-h2\" style=\"\"><span><br>\n<p style=\"color: white; text-align: center;\">Audit<br>\n<\/span><\/h3><h4 class=\"grve-element grve-title grve-align-center grve-h6 menuSolutionsArgumentText\" style=\"\"><span><span style=\"color: white; text-align: center;\">Bien d\u00e9marrer un projet,<br \/>\nc\u2019est d\u00e9j\u00e0 l&rsquo;anticiper<br \/>\n<\/span><\/span><\/h4>[\/vc_column_inner][vc_column_inner width=\u00a0\u00bb1\/4&Prime; css=\u00a0\u00bb.vc_custom_1560435602469{background-color: #ffffff !important;}\u00a0\u00bb el_wrapper_class=\u00a0\u00bbmenuSolutions-Case\u00a0\u00bb el_id=\u00a0\u00bbmenuSolutions-Case4&Prime; el_class=\u00a0\u00bbmenuSolutionsLink\u00a0\u00bb][vc_single_image image=\u00a0\u00bb864&Prime; img_size=\u00a0\u00bb\u00a0\u00bb alignment=\u00a0\u00bbcenter\u00a0\u00bb]<h3 class=\"grve-element grve-title grve-align-center grve-h2\" style=\"\"><span><br>\n<p style=\"color: black;\">D\u00e9ploiement<br>\n<\/span><\/h3><h4 class=\"grve-element grve-title grve-align-center grve-h6 menuSolutionsArgumentText\" style=\"\"><span><span style=\"color: black; text-align: center;\">D\u00e9couvrez avec nous le d\u00e9ploiement 0touch<\/span><\/span><\/h4>[\/vc_column_inner][vc_column_inner width=\u00a0\u00bb1\/4&Prime; el_wrapper_class=\u00a0\u00bbmenuSolutions-Case\u00a0\u00bb el_id=\u00a0\u00bbmenuSolutions-Case5&Prime; css=\u00a0\u00bb.vc_custom_1560435606610{background-color: #ffffff !important;}\u00a0\u00bb el_class=\u00a0\u00bbmenuSolutionsLink\u00a0\u00bb][vc_single_image image=\u00a0\u00bb839&Prime; img_size=\u00a0\u00bb\u00a0\u00bb alignment=\u00a0\u00bbcenter\u00a0\u00bb]<h3 class=\"grve-element grve-title grve-align-center grve-h2\" style=\"\"><span><br>\n<p style=\"color: black; text-align: center;\">Int\u00e9gration<br>\n<\/span><\/h3><h4 class=\"grve-element grve-title grve-align-center grve-h6 menuSolutionsArgumentText\" style=\"\"><span><span style=\"color: black; text-align: center;\">Le talent de nos ing\u00e9nieurs certifi\u00e9s pour le succ\u00e8s de vos projets macOS et iOS<\/span><\/span><\/h4>[\/vc_column_inner][vc_column_inner width=\u00a0\u00bb1\/4&Prime; el_wrapper_class=\u00a0\u00bbmenuSolutions-Case\u00a0\u00bb el_id=\u00a0\u00bbmenuSolutions-Case6&Prime; css=\u00a0\u00bb.vc_custom_1560435610470{background-color: #ffffff !important;}\u00a0\u00bb el_class=\u00a0\u00bbmenuSolutionsLink\u00a0\u00bb][vc_single_image image=\u00a0\u00bb850&Prime; img_size=\u00a0\u00bb\u00a0\u00bb alignment=\u00a0\u00bbcenter\u00a0\u00bb]<h3 class=\"grve-element grve-title grve-align-center grve-h2\" style=\"\"><span><br>\n<p style=\"color: black; text-align: center;\">Helpdesk<br>\n<\/span><\/h3><h4 class=\"grve-element grve-title grve-align-center grve-h6 menuSolutionsArgumentText\" style=\"\"><span><span style=\"color: black; text-align: center;\">Nos h\u00e9ros du support, pour une exp\u00e9rience utilisateurs inoubliables<\/span><\/span><\/h4>[\/vc_column_inner][\/vc_row_inner][vc_row_inner][vc_column_inner width=\u00a0\u00bb1\/4&Prime; el_wrapper_class=\u00a0\u00bbmenuSolutions-Case\u00a0\u00bb el_id=\u00a0\u00bbmenuSolutions-Case7&Prime; el_class=\u00a0\u00bbmenuSolutionsLink\u00a0\u00bb css=\u00a0\u00bb.vc_custom_1560435707760{background-color: #ffffff !important;}\u00a0\u00bb][vc_single_image image=\u00a0\u00bb1129&Prime; img_size=\u00a0\u00bb\u00a0\u00bb alignment=\u00a0\u00bbcenter\u00a0\u00bb]<h3 class=\"grve-element grve-title grve-align-center grve-h2\" style=\"\"><span><br>\n<p style=\"color: black; text-align: center;\">SSO &amp; Gestion<br \/>\nde l&rsquo;identit\u00e9<br>\n<\/span><\/h3><h4 class=\"grve-element grve-title grve-align-center grve-h6 menuSolutionsArgumentText\" style=\"\"><span><span style=\"color: black; text-align: center;\">Azure AD, Okta, comment faire converger la gestion de l&rsquo;identit\u00e9 de vos appareils Apple<\/span><\/span><\/h4>[\/vc_column_inner][vc_column_inner width=\u00a0\u00bb1\/4&Prime; css=\u00a0\u00bb.vc_custom_1560435618970{background-color: #ffffff !important;}\u00a0\u00bb el_wrapper_class=\u00a0\u00bbmenuSolutions-Case\u00a0\u00bb el_id=\u00a0\u00bbmenuSolutions-Case8&Prime; el_class=\u00a0\u00bbmenuSolutionsLink\u00a0\u00bb][vc_single_image image=\u00a0\u00bb842&Prime; img_size=\u00a0\u00bb\u00a0\u00bb alignment=\u00a0\u00bbcenter\u00a0\u00bb]<h3 class=\"grve-element grve-title grve-align-center grve-h2\" style=\"\"><span><br>\n<p style=\"color: black; text-align: center;\">H\u00e9bergement<br \/>\nemails \/ web \/ monitoring<br>\n<\/span><\/h3><h4 class=\"grve-element grve-title grve-align-center grve-h6 menuSolutionsArgumentText\" style=\"\"><span><span style=\"color: black; text-align: center;\">Nos partenaires et notre exp\u00e9rience du monitoring \u00e0 votre service<\/span><\/span><\/h4>[\/vc_column_inner][\/vc_row_inner][\/vc_column][\/vc_row][vc_row padding_top_multiplier=\u00a0\u00bb\u00a0\u00bb padding_bottom_multiplier=\u00a0\u00bb\u00a0\u00bb][vc_column]<div class=\"grve-empty-space grve-height-4x\" style=\"\"><\/div>[\/vc_column][\/vc_row][vc_row padding_top_multiplier=\u00a0\u00bb\u00a0\u00bb padding_bottom_multiplier=\u00a0\u00bb\u00a0\u00bb el_class=\u00a0\u00bbBTNBackSolutions\u00a0\u00bb][vc_column][vc_single_image image=\u00a0\u00bb968&Prime; img_size=\u00a0\u00bb\u00a0\u00bb onclick=\u00a0\u00bbcustom_link\u00a0\u00bb el_class=\u00a0\u00bbBTNBack\u00a0\u00bb link=\u00a0\u00bbJS BACK\u00a0\u00bb][\/vc_column][\/vc_row]<\/p>\n<\/div>","protected":false},"excerpt":{"rendered":"<p>[vc_row padding_top_multiplier=\u00a0\u00bb6x\u00a0\u00bb padding_bottom_multiplier=\u00a0\u00bb\u00a0\u00bb columns_gap=\u00a0\u00bbnone\u00a0\u00bb el_class=\u00a0\u00bbsolutionsSection\u00a0\u00bb][vc_column][vc_single_image image=\u00a0\u00bb872&Prime; img_size=\u00a0\u00bb\u00a0\u00bb alignment=\u00a0\u00bbcenter\u00a0\u00bb onclick=\u00a0\u00bbcustom_link\u00a0\u00bb][vc_column_text el_class=\u00a0\u00bbtextSolutions\u00a0\u00bb]Int\u00e9gration et maintenance des serveurs Mac. Netopie r\u00e9alise l\u2019\u00e9tude, l\u2019installation et l\u2019int\u00e9gration de votre serveur au sein de votre architecture r\u00e9seau. Nos \u00e9quipes interviennent de la conception \u00e0 l\u2019administration de votre serveur, et vous guident afin que la solution retenue s\u2019int\u00e8gre parfaitement dans votre environnement et [&hellip;]<\/p>\n","protected":false},"author":1,"featured_media":0,"parent":0,"menu_order":0,"comment_status":"closed","ping_status":"closed","template":"","meta":{"footnotes":""},"class_list":["post-1351","page","type-page","status-publish","hentry"],"_links":{"self":[{"href":"https:\/\/www.blackbirdee.fr\/prod\/NETOPIE\/wp-json\/wp\/v2\/pages\/1351","targetHints":{"allow":["GET"]}}],"collection":[{"href":"https:\/\/www.blackbirdee.fr\/prod\/NETOPIE\/wp-json\/wp\/v2\/pages"}],"about":[{"href":"https:\/\/www.blackbirdee.fr\/prod\/NETOPIE\/wp-json\/wp\/v2\/types\/page"}],"author":[{"embeddable":true,"href":"https:\/\/www.blackbirdee.fr\/prod\/NETOPIE\/wp-json\/wp\/v2\/users\/1"}],"replies":[{"embeddable":true,"href":"https:\/\/www.blackbirdee.fr\/prod\/NETOPIE\/wp-json\/wp\/v2\/comments?post=1351"}],"version-history":[{"count":14,"href":"https:\/\/www.blackbirdee.fr\/prod\/NETOPIE\/wp-json\/wp\/v2\/pages\/1351\/revisions"}],"predecessor-version":[{"id":1412,"href":"https:\/\/www.blackbirdee.fr\/prod\/NETOPIE\/wp-json\/wp\/v2\/pages\/1351\/revisions\/1412"}],"wp:attachment":[{"href":"https:\/\/www.blackbirdee.fr\/prod\/NETOPIE\/wp-json\/wp\/v2\/media?parent=1351"}],"curies":[{"name":"wp","href":"https:\/\/api.w.org\/{rel}","templated":true}]}}